{"id":8648,"date":"2025-09-23T14:53:21","date_gmt":"2025-09-23T11:53:21","guid":{"rendered":"https:\/\/www.chemi-pharm.com\/?page_id=8648"},"modified":"2025-11-05T15:28:24","modified_gmt":"2025-11-05T12:28:24","slug":"kestlikkus-chemi-pharmis","status":"publish","type":"page","link":"https:\/\/test2.chemi-pharm.com\/et\/kestlikkus-chemi-pharmis\/","title":{"rendered":"Kestlikkus Chemi-Pharmis"},"content":{"rendered":"    <div id=\"full-img-block-block_bd6285aa53b7284fdd907aa193311046\" class=\"full-img-block bg-center\" style=\"background-image: url(https:\/\/test2.chemi-pharm.com\/wp-content\/uploads\/2025\/09\/Sustainability-page-1-ESTHeader.jpeg);\"><\/div>\n\n\n\n<h1 class=\"wp-block-heading has-text-align-center\">Tervema maailma nimel &#8211; Chemi-Pharm on innovaatiline, vastutustundlik ning j\u00e4tkusuutlikku tuleviku teerajaja. <\/h1>\n\n\n    <div id=\"medium-content-block-block_c58545472cd52767536c5b93055e153e\" class=\"medium-content-block container\">\n        <div class=\"row\">\n            <div class=\"col-12 medium_content\">\n                <p style=\"text-align: center;\">AS Chemi-Pharmis on j\u00e4tkusuutlikkus enamat kui lihtsalt aruandluskohustus \u2013 see on vastutus. Keskendume neljale p\u00f5hivaldkonnale, millel on meie planeedile ja inimestele suurim m\u00f5ju: vesi, energia, bioloogiline mitmekesisus ja inimesed. Need valdkonnad juhivad meie tegevust ressursside s\u00e4\u00e4stmiseks, heitkoguste v\u00e4hendamiseks, \u00f6kos\u00fcsteemide kaitsmiseks ning turvalise ja kaasava t\u00f6\u00f6koha edendamiseks.<\/p>\n            <\/div>\n        <\/div>\n    <\/div>\n\n\n    <div id=\"medium-content-block-block_9866c527d6718b3d6e5c224178069ba8\" class=\"medium-content-block container\">\n        <div class=\"row\">\n            <div class=\"col-12 medium_content\">\n                <table>\n<tbody>\n<tr>\n<td>\u201eMeie visioon on luua turvalisem ja tervislikum maailm uuenduslike ja t\u00f5husate desinfitseerimis- ja nahahooldustoodete abil. J\u00e4tkusuutlikkus on k\u00f5ige keskmes, mida me teeme. Investeerime pidevalt teadusuuringutesse, keskkonnas\u00f5bralikesse koostistesse ja vastutustundlikesse tavadesse, et kaitsta nii inimesi kui ka planeeti.\u201c<\/p>\n<p>\u2014 Dr. Ruth Oltjer, asutaja ja esinaine<\/td>\n<td><img loading=\"lazy\" decoding=\"async\" src=\"https:\/\/chemi-pharm.com\/wp-content\/uploads\/2025\/01\/Ruth_2-683x1024.jpg\" alt=\"\" width=\"683\" height=\"1024\"><\/td>\n<\/tr>\n<\/tbody>\n<\/table>\n            <\/div>\n        <\/div>\n    <\/div>\n\n\n    <div id=\"full-img-block-block_e6d48a8757e87d14314938ca3b4f83cc\" class=\"full-img-block bg-center\" style=\"background-image: url(https:\/\/test2.chemi-pharm.com\/wp-content\/uploads\/2025\/08\/Sustainability-page-4-Water-2.jpeg);\"><\/div>\n\n\n    <div id=\"medium-content-block-block_be25264c3bf967c03dd92253bb580bbf\" class=\"medium-content-block container\">\n        <div class=\"row\">\n            <div class=\"col-12 medium_content\">\n                <h2>VESI<\/h2>\n<p>Aruandeperioodil kulus iga toote \u00fche kilogrammi tootmiseks 0,88 l vett.<br \/>\nAS Chemi-Pharm tarbis aruandeperioodil \u00fcle 4000 m3 vett, millest umbes 50% v\u00f5ib liigitada veetarbimise alla ja mida kasutati otse tootmistoodete sees toote koostise komponendina.<br \/>\n\u00dclej\u00e4\u00e4nud v\u00e4lja v\u00f5etud vett kasutati tootmise erinevates etappides, alates veepuhastuss\u00fcsteemist kuni protsessiseadmete pesu- ja puhastusprotsessideni, kontorites jne.<\/p>\n<p>Puhta vee tootmine veepuhastusseadmetega (p\u00f6\u00f6rdosmoosi tehnoloogia) 75% taaskasutusm\u00e4\u00e4raga tekitab m\u00e4rkimisv\u00e4\u00e4rse koguse k\u00f5rge elektrijuhtivusega reovett, mida ei saa tootmisprotsessides kasutada.<\/p>\n            <\/div>\n        <\/div>\n    <\/div>\n\n\n    <div id=\"full-img-block-block_2748b86229297ba17177ed4a469d040f\" class=\"full-img-block bg-center\" style=\"background-image: url(https:\/\/test2.chemi-pharm.com\/wp-content\/uploads\/2025\/09\/Sustainability-page-2-ESTEnergy.jpeg);\"><\/div>\n\n\n    <div id=\"medium-content-block-block_a2ad173429b6b4ede3db186e9ba75729\" class=\"medium-content-block container\">\n        <div class=\"row\">\n            <div class=\"col-12 medium_content\">\n                <h2>ENERGIA JA HEITGAASIDE KOGUSED<\/h2>\n<p>AS Chemi-Pharm on aruandlusperioodil m\u00f5\u00f5tnud kasvuhoonegaaside heitkoguseid 1. ja 2. ulatuse osas vastavalt KHG protokollile (GHG Protocol).<\/p>\n<p>Aruandlusperioodil tekkis AS Chemi-Pharmi majandustegevuse t\u00f5ttu kokku 390 tCO2eq, millest 70 tCO2eq (18%) p\u00e4rines 1. ulatusest, mis koosnes tarbitud autok\u00fctustest, ja \u00fclej\u00e4\u00e4nud 320 tCO2eq (82%) oli seotud 2. ulatusega ning h\u00f5lmas ostetud elektri ja k\u00fctte CO2 heitkoguseid, vastavalt 210 tCO2eq ja 110 tCO2eq.<\/p>\n<p>AS Chemi-Pharmi energia kogutarbimine aruandeperioodil oli \u00fcle 793 MWh, sealhulgas 295 MWh ostetud elektrit ja 498 MWh ostetud k\u00fctust.<br \/>\n295 MWh tarbitud elektrist p\u00e4rines 6,16% taastuvatest energiaallikatest, \u00fclej\u00e4\u00e4nud osa, nagu ka enamik tarbitud k\u00fctustest, olid fossiilk\u00fctused. AS Chemi-Pharm v\u00e4hendab oma CO2 heitkoguseid tootmisprotsesside edasise automatiseerimise ja optimeerimise abil.<\/p>\n            <\/div>\n        <\/div>\n    <\/div>\n\n\n    <div id=\"full-img-block-block_e778124b897a428569e73fa176b4055a\" class=\"full-img-block bg-center\" style=\"background-image: url(https:\/\/test2.chemi-pharm.com\/wp-content\/uploads\/2025\/09\/Sustainability-page-3-ESTBiodiversity.jpeg);\"><\/div>\n\n\n    <div id=\"medium-content-block-block_bb6e54990fa02619479292351c70ee98\" class=\"medium-content-block container\">\n        <div class=\"row\">\n            <div class=\"col-12 medium_content\">\n                <h2>BIOLOOGILINE MITMEKESISUS<\/h2>\n<p>AS Chemi-Pharmi rajatis ja kontor asuvad aadressil T\u00e4nassilma tee 11, 76406 T\u00e4nassilma, Eesti, ning h\u00f5lmavad 17 632 m2 suletud ala, millest umbes 2800 m2 kohapeal on loodusliku orientatsiooniga ala, mis on alaline elupaiga kaitseala ohustatud nahkhiireliikide kaitseks. Kaitseala kogupindala on 18 000 m2, millest suurem osa (84%) asub v\u00e4ljaspool territooriumi.<\/p>\n<p>AS Chemi-Pharm j\u00e4tkab oma kohustuste t\u00e4itmist kohapealse loodusliku orientatsiooniga ala kaitsmisel ning k\u00f5ik maakasutuse muudatused toimuvad vastavalt riiklikele ja kohalikele eeskirjadele ja suunistele.<\/p>\n            <\/div>\n        <\/div>\n    <\/div>\n\n\n    <div id=\"full-img-block-block_1153686705da5ab46d901193ce1b4e7b\" class=\"full-img-block bg-center\" style=\"background-image: url(https:\/\/test2.chemi-pharm.com\/wp-content\/uploads\/2025\/09\/Sustainability-page-6-ESTPeople.jpeg);\"><\/div>\n\n\n    <div id=\"medium-content-block-block_863f1ddf25407b1f233f196102af99c8\" class=\"medium-content-block container\">\n        <div class=\"row\">\n            <div class=\"col-12 medium_content\">\n                <h2>INIMESED<\/h2>\n<p>Meie t\u00f6\u00f6tajad on AS Chemi-Pharmi edu alustala ja meie j\u00e4tkusuutlikkuse strateegia keskne tugisammas. Oleme p\u00fchendunud turvalise, kaasava ja motiveeriva t\u00f6\u00f6keskkonna loomisele, kus iga inimene saab areneda. 2024. aastal oli meil 61 t\u00f6\u00f6tajat, kus sooline tasakaal oli peaaegu v\u00f5rdne (49% naisi, 51% mehi) ja sooline palgal\u00f5he oli vaid 1,4%, mis on oluliselt alla riigi keskmise.<\/p>\n<p>T\u00f6\u00f6tajate heaolu toetatakse regulaarsete rahulolu-uuringute, struktureeritud arenguvestluste ja l\u00e4bipaistva suhtluse kaudu juhtkonna ja t\u00f6\u00f6tajate vahel. Investeerime pidevasse koolitusse, sealhulgas tervise- ja ohutusprogrammidesse, esmaabisse ja j\u00e4tkusuutlikkuse teadlikkusesse, et tagada meie meeskonna ettevalmistus tulevikuks.<\/p>\n<p>Meie eesm\u00e4rk on v\u00e4hendada t\u00f6\u00f6\u00f5nnetuste m\u00e4\u00e4ra \u22642-ni ja s\u00e4ilitada \u00f5iglane ja konkurentsiv\u00f5imeline t\u00f6\u00f6tasu \u2013 praegu 25% k\u00f5rgem riigi keskmisest palgast. V\u00f5rdsuse, ohutuse ja professionaalse arengu prioriteediks seadmisega p\u00fc\u00fcame edendada t\u00f6\u00f6keskkonna kultuuri, mis peegeldab meie vastutuse ja hoolivuse v\u00e4\u00e4rtusi.<\/p>\n<p>AS Chemi-Pharmil puudusid korruptsioonivastaste seaduste rikkumise eest m\u00e4\u00e4ratud trahvid ning altk\u00e4emaksuvastaste seaduste rikkumise eest m\u00e4\u00e4ratud trahvid.<\/p>\n            <\/div>\n        <\/div>\n    <\/div>\n\n\n    <div id=\"medium-content-block-block_1529145a87ecf022c8ec371a89e6952b\" class=\"medium-content-block container\">\n        <div class=\"row\">\n            <div class=\"col-12 medium_content\">\n                <h2>Soovid aruannet tervikuna?<\/h2>\n<p>Saadaval ingliskeelsena.&nbsp;<\/p>\n            <\/div>\n        <\/div>\n    <\/div>\n\n\n\n<div class=\"wp-block-uagb-container uagb-block-77374356 alignfull uagb-is-root-container\"><div class=\"uagb-container-inner-blocks-wrap\">\n<div class=\"wp-block-uagb-container uagb-block-b328fe39\"><\/div>\n\n\n\n<div class=\"wp-block-uagb-container uagb-block-b537e7a9\">\n<div class=\"wp-block-file advgb-dyn-7d2e418d\"><a id=\"wp-block-file--media-78a28922-ab0d-45c0-9f75-7b091c2ca69c\" href=\"https:\/\/chemi-pharm.com\/et\/as-chemi-pharm-esg-report-2024-2\/\" target=\"_blank\" rel=\"noreferrer noopener\">AS Chemi-Pharm ESG Report 2024<\/a><a href=\"https:\/\/chemi-pharm.com\/wp-content\/uploads\/2025\/08\/AS-Chemi-Pharm-ESG-Report-2024.pdf\" class=\"wp-block-file__button wp-element-button\" download aria-describedby=\"wp-block-file--media-78a28922-ab0d-45c0-9f75-7b091c2ca69c\">Lae alla<\/a><\/div>\n<\/div>\n\n\n\n<div class=\"wp-block-uagb-container uagb-block-44aecfe3\"><\/div>\n<\/div><\/div>\n\n\n\n<p><\/p>\n","protected":false},"excerpt":{"rendered":"Tervema maailma nimel &#8211; Chemi-Pharm on innovaatiline, vastutustundlik ning j\u00e4tkusuutlikku tuleviku teerajaja.","protected":false},"author":13,"featured_media":0,"parent":0,"menu_order":0,"comment_status":"closed","ping_status":"closed","template":"page-templates\/template-medium.php","meta":{"_acf_changed":false,"_uag_custom_page_level_css":"","advgb_blocks_editor_width":"","advgb_blocks_columns_visual_guide":"","ngg_post_thumbnail":0,"footnotes":""},"class_list":["post-8648","page","type-page","status-publish","hentry"],"acf":[],"yoast_head":"<!-- This site is optimized with the Yoast SEO plugin v27.4 - https:\/\/yoast.com\/product\/yoast-seo-wordpress\/ -->\n<title>Kestlikkus Chemi-Pharmis - Chemi-Pharm<\/title>\n<meta name=\"robots\" content=\"index, follow, max-snippet:-1, max-image-preview:large, max-video-preview:-1\" \/>\n<link rel=\"canonical\" href=\"https:\/\/test2.chemi-pharm.com\/et\/kestlikkus-chemi-pharmis\/\" \/>\n<meta property=\"og:locale\" content=\"et_EE\" \/>\n<meta property=\"og:type\" content=\"article\" \/>\n<meta property=\"og:title\" content=\"Kestlikkus Chemi-Pharmis - Chemi-Pharm\" \/>\n<meta property=\"og:description\" content=\"Tervema maailma nimel &#8211; Chemi-Pharm on innovaatiline, vastutustundlik ning j\u00e4tkusuutlikku tuleviku teerajaja.\" \/>\n<meta property=\"og:url\" content=\"https:\/\/test2.chemi-pharm.com\/et\/kestlikkus-chemi-pharmis\/\" \/>\n<meta property=\"og:site_name\" content=\"Chemi-Pharm\" \/>\n<meta property=\"article:publisher\" content=\"https:\/\/www.facebook.com\/chemipharmeesti\" \/>\n<meta property=\"article:modified_time\" content=\"2025-11-05T12:28:24+00:00\" \/>\n<meta property=\"og:image\" content=\"https:\/\/test2.chemi-pharm.com\/wp-content\/uploads\/2021\/03\/Chemipharm_tehas.jpg\" \/>\n\t<meta property=\"og:image:width\" content=\"640\" \/>\n\t<meta property=\"og:image:height\" content=\"310\" \/>\n\t<meta property=\"og:image:type\" content=\"image\/jpeg\" \/>\n<meta name=\"twitter:card\" content=\"summary_large_image\" \/>\n<script type=\"application\/ld+json\" class=\"yoast-schema-graph\">{\"@context\":\"https:\\\/\\\/schema.org\",\"@graph\":[{\"@type\":\"WebPage\",\"@id\":\"https:\\\/\\\/test2.chemi-pharm.com\\\/et\\\/kestlikkus-chemi-pharmis\\\/\",\"url\":\"https:\\\/\\\/test2.chemi-pharm.com\\\/et\\\/kestlikkus-chemi-pharmis\\\/\",\"name\":\"Kestlikkus Chemi-Pharmis - Chemi-Pharm\",\"isPartOf\":{\"@id\":\"https:\\\/\\\/test2.chemi-pharm.com\\\/et\\\/#website\"},\"datePublished\":\"2025-09-23T11:53:21+00:00\",\"dateModified\":\"2025-11-05T12:28:24+00:00\",\"breadcrumb\":{\"@id\":\"https:\\\/\\\/test2.chemi-pharm.com\\\/et\\\/kestlikkus-chemi-pharmis\\\/#breadcrumb\"},\"inLanguage\":\"et\",\"potentialAction\":[{\"@type\":\"ReadAction\",\"target\":[\"https:\\\/\\\/test2.chemi-pharm.com\\\/et\\\/kestlikkus-chemi-pharmis\\\/\"]}]},{\"@type\":\"BreadcrumbList\",\"@id\":\"https:\\\/\\\/test2.chemi-pharm.com\\\/et\\\/kestlikkus-chemi-pharmis\\\/#breadcrumb\",\"itemListElement\":[{\"@type\":\"ListItem\",\"position\":1,\"name\":\"Home\",\"item\":\"https:\\\/\\\/test2.chemi-pharm.com\\\/et\\\/\"},{\"@type\":\"ListItem\",\"position\":2,\"name\":\"Kestlikkus Chemi-Pharmis\"}]},{\"@type\":\"WebSite\",\"@id\":\"https:\\\/\\\/test2.chemi-pharm.com\\\/et\\\/#website\",\"url\":\"https:\\\/\\\/test2.chemi-pharm.com\\\/et\\\/\",\"name\":\"Chemi-Pharm\",\"description\":\"Chemi-Pharm&#039;i professionaalsed ja k\u00f5rge kvaliteediga desinfektsiooni- ja puhastusvahendid otse tootjalt\",\"publisher\":{\"@id\":\"https:\\\/\\\/test2.chemi-pharm.com\\\/et\\\/#organization\"},\"potentialAction\":[{\"@type\":\"SearchAction\",\"target\":{\"@type\":\"EntryPoint\",\"urlTemplate\":\"https:\\\/\\\/test2.chemi-pharm.com\\\/et\\\/?s={search_term_string}\"},\"query-input\":{\"@type\":\"PropertyValueSpecification\",\"valueRequired\":true,\"valueName\":\"search_term_string\"}}],\"inLanguage\":\"et\"},{\"@type\":\"Organization\",\"@id\":\"https:\\\/\\\/test2.chemi-pharm.com\\\/et\\\/#organization\",\"name\":\"Chemi-Pharm\",\"url\":\"https:\\\/\\\/test2.chemi-pharm.com\\\/et\\\/\",\"logo\":{\"@type\":\"ImageObject\",\"inLanguage\":\"et\",\"@id\":\"https:\\\/\\\/test2.chemi-pharm.com\\\/et\\\/#\\\/schema\\\/logo\\\/image\\\/\",\"url\":\"https:\\\/\\\/www.chemi-pharm.com\\\/wp-content\\\/uploads\\\/2021\\\/03\\\/Group-17-1.svg\",\"contentUrl\":\"https:\\\/\\\/www.chemi-pharm.com\\\/wp-content\\\/uploads\\\/2021\\\/03\\\/Group-17-1.svg\",\"width\":282,\"height\":27,\"caption\":\"Chemi-Pharm\"},\"image\":{\"@id\":\"https:\\\/\\\/test2.chemi-pharm.com\\\/et\\\/#\\\/schema\\\/logo\\\/image\\\/\"},\"sameAs\":[\"https:\\\/\\\/www.facebook.com\\\/chemipharmeesti\"]}]}<\/script>\n<!-- \/ Yoast SEO plugin. -->","yoast_head_json":{"title":"Kestlikkus Chemi-Pharmis - Chemi-Pharm","robots":{"index":"index","follow":"follow","max-snippet":"max-snippet:-1","max-image-preview":"max-image-preview:large","max-video-preview":"max-video-preview:-1"},"canonical":"https:\/\/test2.chemi-pharm.com\/et\/kestlikkus-chemi-pharmis\/","og_locale":"et_EE","og_type":"article","og_title":"Kestlikkus Chemi-Pharmis - Chemi-Pharm","og_description":"Tervema maailma nimel &#8211; Chemi-Pharm on innovaatiline, vastutustundlik ning j\u00e4tkusuutlikku tuleviku teerajaja.","og_url":"https:\/\/test2.chemi-pharm.com\/et\/kestlikkus-chemi-pharmis\/","og_site_name":"Chemi-Pharm","article_publisher":"https:\/\/www.facebook.com\/chemipharmeesti","article_modified_time":"2025-11-05T12:28:24+00:00","og_image":[{"width":640,"height":310,"url":"https:\/\/test2.chemi-pharm.com\/wp-content\/uploads\/2021\/03\/Chemipharm_tehas.jpg","type":"image\/jpeg"}],"twitter_card":"summary_large_image","schema":{"@context":"https:\/\/schema.org","@graph":[{"@type":"WebPage","@id":"https:\/\/test2.chemi-pharm.com\/et\/kestlikkus-chemi-pharmis\/","url":"https:\/\/test2.chemi-pharm.com\/et\/kestlikkus-chemi-pharmis\/","name":"Kestlikkus Chemi-Pharmis - Chemi-Pharm","isPartOf":{"@id":"https:\/\/test2.chemi-pharm.com\/et\/#website"},"datePublished":"2025-09-23T11:53:21+00:00","dateModified":"2025-11-05T12:28:24+00:00","breadcrumb":{"@id":"https:\/\/test2.chemi-pharm.com\/et\/kestlikkus-chemi-pharmis\/#breadcrumb"},"inLanguage":"et","potentialAction":[{"@type":"ReadAction","target":["https:\/\/test2.chemi-pharm.com\/et\/kestlikkus-chemi-pharmis\/"]}]},{"@type":"BreadcrumbList","@id":"https:\/\/test2.chemi-pharm.com\/et\/kestlikkus-chemi-pharmis\/#breadcrumb","itemListElement":[{"@type":"ListItem","position":1,"name":"Home","item":"https:\/\/test2.chemi-pharm.com\/et\/"},{"@type":"ListItem","position":2,"name":"Kestlikkus Chemi-Pharmis"}]},{"@type":"WebSite","@id":"https:\/\/test2.chemi-pharm.com\/et\/#website","url":"https:\/\/test2.chemi-pharm.com\/et\/","name":"Chemi-Pharm","description":"Chemi-Pharm&#039;i professionaalsed ja k\u00f5rge kvaliteediga desinfektsiooni- ja puhastusvahendid otse tootjalt","publisher":{"@id":"https:\/\/test2.chemi-pharm.com\/et\/#organization"},"potentialAction":[{"@type":"SearchAction","target":{"@type":"EntryPoint","urlTemplate":"https:\/\/test2.chemi-pharm.com\/et\/?s={search_term_string}"},"query-input":{"@type":"PropertyValueSpecification","valueRequired":true,"valueName":"search_term_string"}}],"inLanguage":"et"},{"@type":"Organization","@id":"https:\/\/test2.chemi-pharm.com\/et\/#organization","name":"Chemi-Pharm","url":"https:\/\/test2.chemi-pharm.com\/et\/","logo":{"@type":"ImageObject","inLanguage":"et","@id":"https:\/\/test2.chemi-pharm.com\/et\/#\/schema\/logo\/image\/","url":"https:\/\/www.chemi-pharm.com\/wp-content\/uploads\/2021\/03\/Group-17-1.svg","contentUrl":"https:\/\/www.chemi-pharm.com\/wp-content\/uploads\/2021\/03\/Group-17-1.svg","width":282,"height":27,"caption":"Chemi-Pharm"},"image":{"@id":"https:\/\/test2.chemi-pharm.com\/et\/#\/schema\/logo\/image\/"},"sameAs":["https:\/\/www.facebook.com\/chemipharmeesti"]}]}},"uagb_featured_image_src":{"full":false,"thumbnail":false,"medium":false,"medium_large":false,"large":false,"1536x1536":false,"2048x2048":false,"news_thumb":false,"custom_thumb":false},"uagb_author_info":{"display_name":"Justin Hein","author_link":"https:\/\/test2.chemi-pharm.com\/et\/author\/justin\/"},"uagb_comment_info":0,"uagb_excerpt":"Tervema maailma nimel &#8211; Chemi-Pharm on innovaatiline, vastutustundlik ning j\u00e4tkusuutlikku tuleviku teerajaja.","coauthors":[],"author_meta":{"author_link":"https:\/\/test2.chemi-pharm.com\/et\/author\/justin\/","display_name":"Justin Hein"},"relative_dates":{"created":"Posted 7 kuud ago","modified":"Updated 5 kuud ago"},"absolute_dates":{"created":"Posted on 23. sept. 2025","modified":"Updated on 5. nov. 2025"},"absolute_dates_time":{"created":"Posted on 23. sept. 2025 02:53","modified":"Updated on 5. nov. 2025 03:28"},"featured_img_caption":"","featured_img":false,"series_order":"","_links":{"self":[{"href":"https:\/\/test2.chemi-pharm.com\/et\/wp-json\/wp\/v2\/pages\/8648","targetHints":{"allow":["GET"]}}],"collection":[{"href":"https:\/\/test2.chemi-pharm.com\/et\/wp-json\/wp\/v2\/pages"}],"about":[{"href":"https:\/\/test2.chemi-pharm.com\/et\/wp-json\/wp\/v2\/types\/page"}],"author":[{"embeddable":true,"href":"https:\/\/test2.chemi-pharm.com\/et\/wp-json\/wp\/v2\/users\/13"}],"replies":[{"embeddable":true,"href":"https:\/\/test2.chemi-pharm.com\/et\/wp-json\/wp\/v2\/comments?post=8648"}],"version-history":[{"count":11,"href":"https:\/\/test2.chemi-pharm.com\/et\/wp-json\/wp\/v2\/pages\/8648\/revisions"}],"predecessor-version":[{"id":8730,"href":"https:\/\/test2.chemi-pharm.com\/et\/wp-json\/wp\/v2\/pages\/8648\/revisions\/8730"}],"wp:attachment":[{"href":"https:\/\/test2.chemi-pharm.com\/et\/wp-json\/wp\/v2\/media?parent=8648"}],"curies":[{"name":"wp","href":"https:\/\/api.w.org\/{rel}","templated":true}]}}