{"id":78,"date":"2021-03-19T08:38:17","date_gmt":"2021-03-19T05:38:17","guid":{"rendered":"https:\/\/www.chemi-pharm.com\/?page_id=78"},"modified":"2025-10-10T13:13:51","modified_gmt":"2025-10-10T10:13:51","slug":"meist","status":"publish","type":"page","link":"https:\/\/test2.chemi-pharm.com\/et\/meist\/","title":{"rendered":"Meist"},"content":{"rendered":"    <div id=\"medium-content-block-block_ad59bc4e5ea0537a4ddd13961578d262\" class=\"medium-content-block container\">\n        <div class=\"row\">\n            <div class=\"col-12 medium_content\">\n                <h2 class=\"\" style=\"text-align: center;\">AS Chemi-Pharm arendab, valmistab ja turustab desinfektante, isikliku h\u00fcgieeni vahendeid ning puhastus- ja erihooldustooteid.<br \/>\nChemi-Pharmi kaubam\u00e4rkide alla kuuluvad ka nahahooldusbr\u00e4nd D&#8217;DIFFERENCE ning tervise- ja farmaatsiatoodete br\u00e4nd Medihex.<\/h2>\n            <\/div>\n        <\/div>\n    <\/div>\n\n\n\n<p><\/p>\n\n\n    <div id=\"full-img-block-block_040df1007fbea3b7dfa231fff9940e80\" class=\"full-img-block bg-center\" style=\"background-image: url(https:\/\/test2.chemi-pharm.com\/wp-content\/uploads\/2021\/03\/Foto_01_.jpg);\"><\/div>\n\n\n    <div id=\"medium-content-block-block_41cee59356a4738e1b1aa6fc8311bf28\" class=\"medium-content-block container\">\n        <div class=\"row\">\n            <div class=\"col-12 medium_content\">\n                <p>AS Chemi-Pharm arendab, valmistab ja turustab desinfitseerimisvahendeid, isikliku h\u00fcgieeni vahendeid, puhastus- ja erihooldustooteid. Vastvalminud kaasaegses tootmiskompleksis oleme erilist t\u00e4helepanu p\u00f6\u00f6ranud targa tootmise arendamisele, meil on in-house tootearenduslabor ning \u00fcle 20.aastane kogemus desinfektsiooni- ja puhastusvahendite v\u00e4ljat\u00f6\u00f6tamises. Peame oluliseks pakkuda klientidele vaid parima kvaliteediga ning t\u00f5husaid tooteid, mis on ohutud nii kasutajale kui ka keskkonnale. Chemi-Pharmi tooted on kasutusel enam kui kahek\u00fcmnes v\u00e4lisriigis, eksport moodustab ettev\u00f5tte tootmismahust \u00fcle 80%-i.<\/p>\n<p>AS-il Chemi-Pharm on t\u00fctarettev\u00f5tted Eestis ja Singapuris, kuid tootmine on koondatud Eestisse ning samuti paikneb siin ettev\u00f5tte peakontor. AS-i Chemi-Pharm tootenimistus on \u00fcle saja erineva desinfektsiooni-, puhastus- ja hooldustoote, mis omakorda jagunevad kuueks p\u00f5hiliseks tootegrupiks: pesemisvahendid, k\u00e4te- ja nahaantiseptikumid, nahahooldustooted, tooted pindade pesemiseks ja desinfitseerimiseks, tooted meditsiini instrumentide pesemiseks ja desinfitseerimiseks ning kosmeetikatooted.<\/p>\n<p>T\u00e4naseks ekspordime 27-sse riiki maailmas ning lisaks meditsiinisektori asutustele kuuluvad meie klientide hulka ka toiduainet\u00f6\u00f6stused, puhastusteenuseid pakkuvad firmad, lasteasutused ja koolid.<\/p>\n            <\/div>\n        <\/div>\n    <\/div>\n\n\n    <div id=\"full-img-block-block_9285cd53aafba796aa11cd3f310aca22\" class=\"full-img-block video\">\n        <video class=\"video_block\"  autoplay=\"\" playsinline=\"\" loop=\"\" controls muted src=\"https:\/\/test2.chemi-pharm.com\/wp-content\/uploads\/2021\/05\/Chemi-Pharm-corporate-film-long-version-12mbps_parand.mp4\"><\/video>\n    <\/div>\n\n\n    <div id=\"medium-content-block-block_9054f07f8a217f6972ace673b6aa57f2\" class=\"medium-content-block container\">\n        <div class=\"row\">\n            <div class=\"col-12 medium_content\">\n                <h5>TOOTEINFO<\/h5>\n<p>AS Chemi-Pharmi tootevalikus on enam kui 100 toodet \u2013 pindade, instrumentide ja instrumentaariumi desinfektantidid, k\u00e4te- ja naha antiseptika ning hooldusvahendid, puhastusvahendid, seebid ja eksklusiivkosmeetika.<\/p>\n<p>Chemi-Pharmi desinfektante, antiseptikume ja hooldusvahendeid kasutab enamik Eesti haiglatest ja hooldekodudest ning suur osa teistest meditsiiniasutustest, kuid hulgaliselt ka muid ettev\u00f5tteid toitlustus-, teenindus- ja t\u00f6\u00f6stusvaldkonnast. Chemi-Pharmi desinfektandid ja antiseptika on n\u00f5utud ja hinnatud ka mitmel pool mujal maailmas (s.h. EU-riikides, Venemaal, Aasias).<\/p>\n<p>Chemi-Pharmi poolt toodetavate puhastusvahendite hulgast leiab praktiliselt kogu vajaliku puhtuse tagamiseks \u2013 alates n\u00f5udepesuvahenditest, \u00f5huv\u00e4rskendajatest kuni lubjakivi sadestuste eemaldajate, tugevalt m\u00e4\u00e4rdunud pindade puhastusvahendite ja kanalisatsioonitorude avajateni.<\/p>\n<p>Ettev\u00f5tte seebitoodang h\u00f5lmab nii l\u00f5hnatuid ja v\u00e4rvituid vedelseepe (s.h. antibakteriaalseid), mis on sobilikud ka juuste pesemiseks kui ka kergelt l\u00f5hnastatud pehmeid ja nahas\u00f5bralikke vedelseepe kogu keha sagedaseks pesemiseks.<\/p>\n<p>Toodete v\u00e4ljat\u00f6\u00f6tamisel on AS Chemi-Pharm alati keskendunud klientide vajadustele. Meie klientidel on k\u00f5rged n\u00f5udmised toodete kvaliteedile, seega p\u00f6\u00f6rame t\u00e4helepanu k\u00f5ikidele vajadustele ja \u00fcksikasjadele, et saavutada parimaid tulemusi.<\/p>\n            <\/div>\n        <\/div>\n    <\/div>\n\n\n    <div id=\"medium-content-block-block_bbcffe6be1146b2bc13029475830b45d\" class=\"medium-content-block container\">\n        <div class=\"row\">\n            <div class=\"col-12 medium_content\">\n                <h2>BR\u00c4NDID<\/h2>\n<h5>D&#8217;DIFFERENCE<\/h5>\n<p>Luksuslik kodumaine kosmeetikasari <a href=\"http:\/\/www.ddifference.com\">D&#8217;DIFFERENCE\u00ae<\/a> on looduslikku p\u00e4ritolu, vegan ja dermatoloogiliselt testitud. Tooted on v\u00e4lja t\u00f6\u00f6tatud Eesti arstide ja rahvusvahelise teadlaste kolleegiumi aastatepikkuse p\u00f5hjaliku \u00fchist\u00f6\u00f6na. T\u00e4nu kaasaja innovatiivsetele tootmistehnoloogiatele on looduslikud koostisosad s\u00e4ilitanud kreemides k\u00f5ik oma v\u00e4\u00e4rtuslikud omadused ning need on viidud kujule, mis on naha rakustruktuuridele kergesti omistatavad.<\/p>\n<p>T\u00e4nu sellele on D&#8217;DIFFERENCE tooted sobivad igale nahat\u00fc\u00fcbile ja vanusele. Seda sarja kasutades n\u00e4ete tulemusi juba n\u00e4dalaga! Nahk muutub klaariks ja s\u00e4ravaks, see on niisutatud ja toidetud ning pakatab tervisest ja toonusest.<\/p>\n<p><a href=\"https:\/\/ddifference.com\/\" target=\"_blank\" rel=\"noopener\">K\u00fclasta lehte<\/a><\/p>\n<h5>MEDIHEX<\/h5>\n<p><a href=\"http:\/\/WWW.MEDIHEX.COM\">MEDIHEX\u00ae<\/a>&nbsp;on teadusp\u00f5hine tervise -ja farmaatsiatoodete br\u00e4nd, mille fookuses on inimestele turvatunde ja heaolu loomine. Medihexi tooted on k\u00f5rgtehnoloogilised, s\u00fcndinud teadlaste, \u00fclikoolide ja tunnustatud ettev\u00f5tete koost\u00f6\u00f6s.<\/p>\n<p><a href=\"http:\/\/www.medihex.com\">K\u00fclasta lehte<\/a><\/p>\n            <\/div>\n        <\/div>\n    <\/div>\n\n\n    <div id=\"full-img-block-block_ae518bf2fded27bbe8ca379e37b09114\" class=\"full-img-block bg-center\" style=\"background-image: url(https:\/\/test2.chemi-pharm.com\/wp-content\/uploads\/2025\/02\/350A0115-e1738528061527-1920x1014.jpg);\"><\/div>\n\n\n    <div id=\"medium-content-block-block_84fcbc915ffe3fa6396eeaf904a97162\" class=\"medium-content-block container\">\n        <div class=\"row\">\n            <div class=\"col-12 medium_content\">\n                <h3>AS CHEMI-PHARM POLIITIKA<\/h3>\n<p>AS Chemi-Pharm on p\u00fchendunud tipptasemel desinfektsioonivahendite, puhastusainete ja isikliku h\u00fcgieenitoodete arendamisele, tootmisele ja turustamisele. Meie juhtimiss\u00fcsteemid tagavad vastavuse rahvusvahelistele kvaliteedi-, keskkonna- ja j\u00e4tkusuutlikkuse standarditele, et pakkuda ohutuid, t\u00f5husaid ja vastutustundlikke lahendusi meie klientidele ja teistele huvipooltele.<\/p>\n<p>AS Chemi-Pharm tegutseb kolme p\u00f5hibr\u00e4ndi all: Chemi-Pharm, D&#8217;Difference ja Medihex. Iga br\u00e4nd keskendub kvaliteetsete lahenduste pakkumisele oma valdkonnas. Chemi-Pharm on spetsialiseerunud desinfektsioonivahenditele ja puhastusainetele, D&#8217;Difference pakub luksuslikke nahahooldustooteid ning Medihex keskendub meditsiini- ja tervishoiuh\u00fcgieeni lahendustele. \u00dcheskoos peegeldavad need br\u00e4ndid meie p\u00fchendumust kvaliteedile, ohutusele ja innovatsioonile.<\/p>\n<h3>MISSIOON AND VISIOON<\/h3>\n<p>Meie ettev\u00f5tte missioon on p\u00e4\u00e4sta elusid, ennetades nakkushaiguste levikut.<\/p>\n<p>Meie visioon on saada P\u00f5hja-Euroopa juhtivaks j\u00e4tkusuutlike ja innovaatiliste h\u00fcgieenilahenduste tootjaks, mis v\u00e4hendavad nakkusriske ja p\u00e4\u00e4stavad elusid kogu maailmas. P\u00fchendume suurep\u00e4rasele klienditeenindusele, kvaliteedi ja ohutuse pidevale arendamisele ning keskkonnateadlike standardite kujundamisele.<\/p>\n<h3>INNOVATSIOON, TOOTE KVALITEET JA OHUTUS<\/h3>\n<p>Meie uurimis- ja arendustegevus toetab kvaliteetsete, innovaatiliste ja j\u00e4tkusuutlike toodete arendamist, mis vastavad klientide vajadustele. Me tagame oma toodete ohutuse, t\u00f5hususe ja vastavuse l\u00e4bi range kvaliteedikontrolli, t\u00e4ieliku j\u00e4lgitavuse ja k\u00f5igi asjakohaste regulatiivsete ning kliendin\u00f5uete j\u00e4rgimise. Pidev parendamine on integreeritud meie protsessidesse ning seda toetatakse tulemuslikkuse j\u00e4lgimise, klienditagasiside, sise- ja v\u00e4lisauditite, juhtkonna \u00fclevaatuste ning korrigeerivate ja ennetusmeetmete kaudu (CAPA).<\/p>\n<h3>KESKKONNAVASTUTUS<\/h3>\n<p>Meie tegevus on suunatud keskkonnam\u00f5ju minimeerimisele ressursit\u00f5hususe, j\u00e4\u00e4tmete v\u00e4hendamise ja saaste ennetamise kaudu. V\u00e4hendame aktiivselt oma s\u00fcsinikujalaj\u00e4lge, rakendades energiat\u00f5husaid tehnoloogiaid, j\u00e4tkusuutlikku logistikat, keskkonnas\u00f5bralikke tooraineid ja taaskasutatavat pakendit. Vastutustundlik tooraine hankimine ja keskkonnan\u00f5uete j\u00e4rgimine on meie tootmisprotsesside lahutamatu osa. Need tavad on koosk\u00f5las meie p\u00fchendumusega j\u00e4tkusuutlikkusele ja \u00fclemaailmsetele keskkonnaeesm\u00e4rkidele.<\/p>\n<p>EU Ecolabel ja Nordic Swan Ecolabel m\u00e4rgised t\u00f5endavad toote eluts\u00fckli p\u00f5hist v\u00e4hendatud keskkonnam\u00f5ju ning vastavust rangeimatele \u00f6kodisaini-, toksilisuse- ja j\u00f5udlusn\u00f5uetele. M\u00e4rgised<\/p>\n<ul class=\"wp-block-list\">\n<li><strong>V\u00e4hendavad keskkonnajalaj\u00e4lge<\/strong>&nbsp;\u2013 r\u00f5hk tooraine j\u00e4tkusuutlikkusel, energiat\u00f5hususel ja ringlussev\u00f5tul.<\/li>\n<li><strong>Tagavad kontrollitud koostised<\/strong>&nbsp;\u2013 keelavad v\u00f5i piiravad keskkonnale ja tervisele ohtlikke aineid.<\/li>\n<li><strong>Loovad l\u00e4bipaistvuse<\/strong>&nbsp;\u2013 s\u00f5ltumatu hindamine annab klientidele selge signaali toote ohutusest ja vastutustundlikkusest.<\/li>\n<\/ul>\n<p><img loading=\"lazy\" decoding=\"async\" class=\"alignnone wp-image-7702 size-thumbnail\" src=\"https:\/\/www.chemi-pharm.com\/wp-content\/uploads\/2025\/01\/CP-Ecolabel@8x-100-1-150x150.jpg\" alt=\"\" width=\"150\" height=\"150\"><img loading=\"lazy\" decoding=\"async\" class=\"alignnone wp-image-7050 size-thumbnail\" src=\"https:\/\/www.chemi-pharm.com\/wp-content\/uploads\/2024\/06\/nordicswan-150x150.png\" alt=\"\" width=\"150\" height=\"150\" srcset=\"https:\/\/test2.chemi-pharm.com\/wp-content\/uploads\/2024\/06\/nordicswan-150x150.png 150w, https:\/\/test2.chemi-pharm.com\/wp-content\/uploads\/2024\/06\/nordicswan-300x297.png 300w, https:\/\/test2.chemi-pharm.com\/wp-content\/uploads\/2024\/06\/nordicswan-600x594.png 600w, https:\/\/test2.chemi-pharm.com\/wp-content\/uploads\/2024\/06\/nordicswan-200x198.png 200w, https:\/\/test2.chemi-pharm.com\/wp-content\/uploads\/2024\/06\/nordicswan.png 705w\" sizes=\"auto, (max-width: 150px) 100vw, 150px\" \/><\/p>\n<h3>J\u00c4TKUSUUTLIKKUS, SOTSIAALNE VASTUTUS JA EETIKA<\/h3>\n<p>Me seome j\u00e4tkusuutlikkuse p\u00f5him\u00f5tted oma \u00e4riotsustega, et tagada ettev\u00f5tte vastutustundlik ja kestlik areng. Meie tegevust suunavad eetilised \u00e4ripraktikad, l\u00e4bipaistvus ja vastutustundlikkus. T\u00f6\u00f6tajate heaolu, mitmekesisus ja kaasatus on meie t\u00f6\u00f6kultuuri lahutamatud osad, aidates luua turvalise ja \u00f5igusp\u00f5hise t\u00f6\u00f6keskkonna. Toetame kogukonna kaasamist, \u00f5iglast t\u00f6\u00f6korraldust ning vastutustundlikku tarneahelat. Arendame tugevaid suhteid klientide, tarnijate ja reguleerivate asutustega, et tegutseda koosk\u00f5las \u00fcleilmsete kestliku arengu eesm\u00e4rkidega.<\/p>\n<h3>T\u00d6\u00d6TERVISHOIU JA -OHUTUSE KOHUSTUS<\/h3>\n<p>Tagame t\u00f6\u00f6keskkonna ohutuse, viies l\u00e4bi pidevaid riskihindamisi ning varustades t\u00f6\u00f6tajaid asjakohaste koolituste ja kaitsemeetmetega. T\u00f6\u00f6keskkonna ohte tuvastatakse ja maandatakse pidevalt, et kaitsta t\u00f6\u00f6tajate tervist ja heaolu. T\u00f6\u00f6keskkonna tervise ja ohutuse eeskirju j\u00e4rgitakse rangelt, et s\u00e4ilitada turvaline ja t\u00f5hus t\u00f6\u00f6keskkond.<\/p>\n<h3>POLIITIKA EDASTAMINE JA RAKENDAMINE<\/h3>\n<p>See poliitika edastatakse k\u00f5igile t\u00f6\u00f6tajatele, tarnijatele ja teistele huvipooltele, et tagada vastavus meie ettev\u00f5tte v\u00e4\u00e4rtustele ja kohustustele. Vastavust j\u00e4lgitakse regulaarsete auditite, tulemus\u00fclevaadete ja juhtkonnapoolse \u00fclevaatuse kaudu. Ootame k\u00f5igilt t\u00f6\u00f6tajatelt ja partneritelt nende p\u00f5him\u00f5tete j\u00e4rgimist, et s\u00e4ilitada AS Chemi-Pharmi usaldusv\u00e4\u00e4rsus ja hea maine.<\/p>\n            <\/div>\n        <\/div>\n    <\/div>\n\n\n\n<p><\/p>\n","protected":false},"excerpt":{"rendered":"","protected":false},"author":1,"featured_media":7733,"parent":0,"menu_order":0,"comment_status":"closed","ping_status":"closed","template":"page-templates\/template-medium.php","meta":{"_acf_changed":false,"_uag_custom_page_level_css":"","advgb_blocks_editor_width":"","advgb_blocks_columns_visual_guide":"","ngg_post_thumbnail":0,"footnotes":""},"class_list":["post-78","page","type-page","status-publish","has-post-thumbnail","hentry"],"acf":[],"yoast_head":"<!-- This site is optimized with the Yoast SEO plugin v27.4 - https:\/\/yoast.com\/product\/yoast-seo-wordpress\/ -->\n<title>Meist - Chemi-Pharm<\/title>\n<meta name=\"description\" content=\"Meist. Chemi-Pharm arendab, valmistab ja turustab desinfektante, isikliku h\u00fcgieeni vahendeid ning puhastustooteid. Uuri l\u00e4hemalt!\" \/>\n<meta name=\"robots\" content=\"index, follow, max-snippet:-1, max-image-preview:large, max-video-preview:-1\" \/>\n<link rel=\"canonical\" href=\"https:\/\/test2.chemi-pharm.com\/et\/meist\/\" \/>\n<meta property=\"og:locale\" content=\"et_EE\" \/>\n<meta property=\"og:type\" content=\"article\" \/>\n<meta property=\"og:title\" content=\"Meist - Chemi-Pharm\" \/>\n<meta property=\"og:description\" content=\"Meist. Chemi-Pharm arendab, valmistab ja turustab desinfektante, isikliku h\u00fcgieeni vahendeid ning puhastustooteid. Uuri l\u00e4hemalt!\" \/>\n<meta property=\"og:url\" content=\"https:\/\/test2.chemi-pharm.com\/et\/meist\/\" \/>\n<meta property=\"og:site_name\" content=\"Chemi-Pharm\" \/>\n<meta property=\"article:publisher\" content=\"https:\/\/www.facebook.com\/chemipharmeesti\" \/>\n<meta property=\"article:modified_time\" content=\"2025-10-10T10:13:51+00:00\" \/>\n<meta property=\"og:image\" content=\"https:\/\/test2.chemi-pharm.com\/wp-content\/uploads\/2025\/02\/350A0115-e1738528061527-1920x1014.jpg\" \/>\n\t<meta property=\"og:image:width\" content=\"2362\" \/>\n\t<meta property=\"og:image:height\" content=\"1247\" \/>\n\t<meta property=\"og:image:type\" content=\"image\/jpeg\" \/>\n<meta name=\"twitter:card\" content=\"summary_large_image\" \/>\n<script type=\"application\/ld+json\" class=\"yoast-schema-graph\">{\"@context\":\"https:\\\/\\\/schema.org\",\"@graph\":[{\"@type\":\"WebPage\",\"@id\":\"https:\\\/\\\/test2.chemi-pharm.com\\\/et\\\/meist\\\/\",\"url\":\"https:\\\/\\\/test2.chemi-pharm.com\\\/et\\\/meist\\\/\",\"name\":\"Meist - Chemi-Pharm\",\"isPartOf\":{\"@id\":\"https:\\\/\\\/test2.chemi-pharm.com\\\/et\\\/#website\"},\"primaryImageOfPage\":{\"@id\":\"https:\\\/\\\/test2.chemi-pharm.com\\\/et\\\/meist\\\/#primaryimage\"},\"image\":{\"@id\":\"https:\\\/\\\/test2.chemi-pharm.com\\\/et\\\/meist\\\/#primaryimage\"},\"thumbnailUrl\":\"https:\\\/\\\/test2.chemi-pharm.com\\\/wp-content\\\/uploads\\\/2025\\\/02\\\/350A0115-e1738528061527-1920x1014.jpg\",\"datePublished\":\"2021-03-19T05:38:17+00:00\",\"dateModified\":\"2025-10-10T10:13:51+00:00\",\"description\":\"Meist. Chemi-Pharm arendab, valmistab ja turustab desinfektante, isikliku h\u00fcgieeni vahendeid ning puhastustooteid. Uuri l\u00e4hemalt!\",\"breadcrumb\":{\"@id\":\"https:\\\/\\\/test2.chemi-pharm.com\\\/et\\\/meist\\\/#breadcrumb\"},\"inLanguage\":\"et\",\"potentialAction\":[{\"@type\":\"ReadAction\",\"target\":[\"https:\\\/\\\/test2.chemi-pharm.com\\\/et\\\/meist\\\/\"]}]},{\"@type\":\"ImageObject\",\"inLanguage\":\"et\",\"@id\":\"https:\\\/\\\/test2.chemi-pharm.com\\\/et\\\/meist\\\/#primaryimage\",\"url\":\"https:\\\/\\\/test2.chemi-pharm.com\\\/wp-content\\\/uploads\\\/2025\\\/02\\\/350A0115-e1738528061527-1920x1014.jpg\",\"contentUrl\":\"https:\\\/\\\/test2.chemi-pharm.com\\\/wp-content\\\/uploads\\\/2025\\\/02\\\/350A0115-e1738528061527-1920x1014.jpg\",\"width\":2362,\"height\":1247},{\"@type\":\"BreadcrumbList\",\"@id\":\"https:\\\/\\\/test2.chemi-pharm.com\\\/et\\\/meist\\\/#breadcrumb\",\"itemListElement\":[{\"@type\":\"ListItem\",\"position\":1,\"name\":\"Home\",\"item\":\"https:\\\/\\\/test2.chemi-pharm.com\\\/et\\\/\"},{\"@type\":\"ListItem\",\"position\":2,\"name\":\"Meist\"}]},{\"@type\":\"WebSite\",\"@id\":\"https:\\\/\\\/test2.chemi-pharm.com\\\/et\\\/#website\",\"url\":\"https:\\\/\\\/test2.chemi-pharm.com\\\/et\\\/\",\"name\":\"Chemi-Pharm\",\"description\":\"Chemi-Pharm&#039;i professionaalsed ja k\u00f5rge kvaliteediga desinfektsiooni- ja puhastusvahendid otse tootjalt\",\"publisher\":{\"@id\":\"https:\\\/\\\/test2.chemi-pharm.com\\\/et\\\/#organization\"},\"potentialAction\":[{\"@type\":\"SearchAction\",\"target\":{\"@type\":\"EntryPoint\",\"urlTemplate\":\"https:\\\/\\\/test2.chemi-pharm.com\\\/et\\\/?s={search_term_string}\"},\"query-input\":{\"@type\":\"PropertyValueSpecification\",\"valueRequired\":true,\"valueName\":\"search_term_string\"}}],\"inLanguage\":\"et\"},{\"@type\":\"Organization\",\"@id\":\"https:\\\/\\\/test2.chemi-pharm.com\\\/et\\\/#organization\",\"name\":\"Chemi-Pharm\",\"url\":\"https:\\\/\\\/test2.chemi-pharm.com\\\/et\\\/\",\"logo\":{\"@type\":\"ImageObject\",\"inLanguage\":\"et\",\"@id\":\"https:\\\/\\\/test2.chemi-pharm.com\\\/et\\\/#\\\/schema\\\/logo\\\/image\\\/\",\"url\":\"https:\\\/\\\/www.chemi-pharm.com\\\/wp-content\\\/uploads\\\/2021\\\/03\\\/Group-17-1.svg\",\"contentUrl\":\"https:\\\/\\\/www.chemi-pharm.com\\\/wp-content\\\/uploads\\\/2021\\\/03\\\/Group-17-1.svg\",\"width\":282,\"height\":27,\"caption\":\"Chemi-Pharm\"},\"image\":{\"@id\":\"https:\\\/\\\/test2.chemi-pharm.com\\\/et\\\/#\\\/schema\\\/logo\\\/image\\\/\"},\"sameAs\":[\"https:\\\/\\\/www.facebook.com\\\/chemipharmeesti\"]}]}<\/script>\n<!-- \/ Yoast SEO plugin. -->","yoast_head_json":{"title":"Meist - Chemi-Pharm","description":"Meist. Chemi-Pharm arendab, valmistab ja turustab desinfektante, isikliku h\u00fcgieeni vahendeid ning puhastustooteid. Uuri l\u00e4hemalt!","robots":{"index":"index","follow":"follow","max-snippet":"max-snippet:-1","max-image-preview":"max-image-preview:large","max-video-preview":"max-video-preview:-1"},"canonical":"https:\/\/test2.chemi-pharm.com\/et\/meist\/","og_locale":"et_EE","og_type":"article","og_title":"Meist - Chemi-Pharm","og_description":"Meist. Chemi-Pharm arendab, valmistab ja turustab desinfektante, isikliku h\u00fcgieeni vahendeid ning puhastustooteid. Uuri l\u00e4hemalt!","og_url":"https:\/\/test2.chemi-pharm.com\/et\/meist\/","og_site_name":"Chemi-Pharm","article_publisher":"https:\/\/www.facebook.com\/chemipharmeesti","article_modified_time":"2025-10-10T10:13:51+00:00","og_image":[{"width":2362,"height":1247,"url":"https:\/\/test2.chemi-pharm.com\/wp-content\/uploads\/2025\/02\/350A0115-e1738528061527-1920x1014.jpg","type":"image\/jpeg"}],"twitter_card":"summary_large_image","schema":{"@context":"https:\/\/schema.org","@graph":[{"@type":"WebPage","@id":"https:\/\/test2.chemi-pharm.com\/et\/meist\/","url":"https:\/\/test2.chemi-pharm.com\/et\/meist\/","name":"Meist - Chemi-Pharm","isPartOf":{"@id":"https:\/\/test2.chemi-pharm.com\/et\/#website"},"primaryImageOfPage":{"@id":"https:\/\/test2.chemi-pharm.com\/et\/meist\/#primaryimage"},"image":{"@id":"https:\/\/test2.chemi-pharm.com\/et\/meist\/#primaryimage"},"thumbnailUrl":"https:\/\/test2.chemi-pharm.com\/wp-content\/uploads\/2025\/02\/350A0115-e1738528061527-1920x1014.jpg","datePublished":"2021-03-19T05:38:17+00:00","dateModified":"2025-10-10T10:13:51+00:00","description":"Meist. Chemi-Pharm arendab, valmistab ja turustab desinfektante, isikliku h\u00fcgieeni vahendeid ning puhastustooteid. Uuri l\u00e4hemalt!","breadcrumb":{"@id":"https:\/\/test2.chemi-pharm.com\/et\/meist\/#breadcrumb"},"inLanguage":"et","potentialAction":[{"@type":"ReadAction","target":["https:\/\/test2.chemi-pharm.com\/et\/meist\/"]}]},{"@type":"ImageObject","inLanguage":"et","@id":"https:\/\/test2.chemi-pharm.com\/et\/meist\/#primaryimage","url":"https:\/\/test2.chemi-pharm.com\/wp-content\/uploads\/2025\/02\/350A0115-e1738528061527-1920x1014.jpg","contentUrl":"https:\/\/test2.chemi-pharm.com\/wp-content\/uploads\/2025\/02\/350A0115-e1738528061527-1920x1014.jpg","width":2362,"height":1247},{"@type":"BreadcrumbList","@id":"https:\/\/test2.chemi-pharm.com\/et\/meist\/#breadcrumb","itemListElement":[{"@type":"ListItem","position":1,"name":"Home","item":"https:\/\/test2.chemi-pharm.com\/et\/"},{"@type":"ListItem","position":2,"name":"Meist"}]},{"@type":"WebSite","@id":"https:\/\/test2.chemi-pharm.com\/et\/#website","url":"https:\/\/test2.chemi-pharm.com\/et\/","name":"Chemi-Pharm","description":"Chemi-Pharm&#039;i professionaalsed ja k\u00f5rge kvaliteediga desinfektsiooni- ja puhastusvahendid otse tootjalt","publisher":{"@id":"https:\/\/test2.chemi-pharm.com\/et\/#organization"},"potentialAction":[{"@type":"SearchAction","target":{"@type":"EntryPoint","urlTemplate":"https:\/\/test2.chemi-pharm.com\/et\/?s={search_term_string}"},"query-input":{"@type":"PropertyValueSpecification","valueRequired":true,"valueName":"search_term_string"}}],"inLanguage":"et"},{"@type":"Organization","@id":"https:\/\/test2.chemi-pharm.com\/et\/#organization","name":"Chemi-Pharm","url":"https:\/\/test2.chemi-pharm.com\/et\/","logo":{"@type":"ImageObject","inLanguage":"et","@id":"https:\/\/test2.chemi-pharm.com\/et\/#\/schema\/logo\/image\/","url":"https:\/\/www.chemi-pharm.com\/wp-content\/uploads\/2021\/03\/Group-17-1.svg","contentUrl":"https:\/\/www.chemi-pharm.com\/wp-content\/uploads\/2021\/03\/Group-17-1.svg","width":282,"height":27,"caption":"Chemi-Pharm"},"image":{"@id":"https:\/\/test2.chemi-pharm.com\/et\/#\/schema\/logo\/image\/"},"sameAs":["https:\/\/www.facebook.com\/chemipharmeesti"]}]}},"uagb_featured_image_src":{"full":["https:\/\/test2.chemi-pharm.com\/wp-content\/uploads\/2025\/02\/350A0115-e1738528061527-1920x1014.jpg",1920,1014,true],"thumbnail":["https:\/\/test2.chemi-pharm.com\/wp-content\/uploads\/2025\/02\/350A0115-e1738528061527-150x150.jpg",150,150,true],"medium":["https:\/\/test2.chemi-pharm.com\/wp-content\/uploads\/2025\/02\/350A0115-e1738528061527-300x158.jpg",300,158,true],"medium_large":["https:\/\/test2.chemi-pharm.com\/wp-content\/uploads\/2025\/02\/350A0115-e1738528061527-768x405.jpg",768,405,true],"large":["https:\/\/test2.chemi-pharm.com\/wp-content\/uploads\/2025\/02\/350A0115-e1738528061527-1024x541.jpg",1024,541,true],"1536x1536":["https:\/\/test2.chemi-pharm.com\/wp-content\/uploads\/2025\/02\/350A0115-e1738528061527-1536x811.jpg",1536,811,true],"2048x2048":["https:\/\/test2.chemi-pharm.com\/wp-content\/uploads\/2025\/02\/350A0115-e1738528061527-2048x1081.jpg",2048,1081,true],"news_thumb":["https:\/\/test2.chemi-pharm.com\/wp-content\/uploads\/2025\/02\/350A0115-e1738528061527-600x317.jpg",600,317,true],"custom_thumb":["https:\/\/test2.chemi-pharm.com\/wp-content\/uploads\/2025\/02\/350A0115-e1738528061527-200x106.jpg",200,106,true]},"uagb_author_info":{"display_name":"reaktiiv-ch","author_link":"https:\/\/test2.chemi-pharm.com\/et\/author\/reaktiiv-ch\/"},"uagb_comment_info":0,"uagb_excerpt":null,"coauthors":[],"author_meta":{"author_link":"https:\/\/test2.chemi-pharm.com\/et\/author\/reaktiiv-ch\/","display_name":"reaktiiv-ch"},"relative_dates":{"created":"Posted 5 aastat ago","modified":"Updated 6 kuud ago"},"absolute_dates":{"created":"Posted on 19. m\u00e4rts 2021","modified":"Updated on 10. okt. 2025"},"absolute_dates_time":{"created":"Posted on 19. m\u00e4rts 2021 08:38","modified":"Updated on 10. okt. 2025 01:13"},"featured_img_caption":"","featured_img":"https:\/\/test2.chemi-pharm.com\/wp-content\/uploads\/2025\/02\/350A0115-e1738528061527.jpg","series_order":"","_links":{"self":[{"href":"https:\/\/test2.chemi-pharm.com\/et\/wp-json\/wp\/v2\/pages\/78","targetHints":{"allow":["GET"]}}],"collection":[{"href":"https:\/\/test2.chemi-pharm.com\/et\/wp-json\/wp\/v2\/pages"}],"about":[{"href":"https:\/\/test2.chemi-pharm.com\/et\/wp-json\/wp\/v2\/types\/page"}],"author":[{"embeddable":true,"href":"https:\/\/test2.chemi-pharm.com\/et\/wp-json\/wp\/v2\/users\/1"}],"replies":[{"embeddable":true,"href":"https:\/\/test2.chemi-pharm.com\/et\/wp-json\/wp\/v2\/comments?post=78"}],"version-history":[{"count":80,"href":"https:\/\/test2.chemi-pharm.com\/et\/wp-json\/wp\/v2\/pages\/78\/revisions"}],"predecessor-version":[{"id":8672,"href":"https:\/\/test2.chemi-pharm.com\/et\/wp-json\/wp\/v2\/pages\/78\/revisions\/8672"}],"wp:featuredmedia":[{"embeddable":true,"href":"https:\/\/test2.chemi-pharm.com\/et\/wp-json\/wp\/v2\/media\/7733"}],"wp:attachment":[{"href":"https:\/\/test2.chemi-pharm.com\/et\/wp-json\/wp\/v2\/media?parent=78"}],"curies":[{"name":"wp","href":"https:\/\/api.w.org\/{rel}","templated":true}]}}