{"id":419,"date":"2021-03-23T14:42:32","date_gmt":"2021-03-23T11:42:32","guid":{"rendered":"https:\/\/www.chemi-pharm.com\/?page_id=419"},"modified":"2025-04-28T10:32:53","modified_gmt":"2025-04-28T07:32:53","slug":"tooted","status":"publish","type":"page","link":"https:\/\/test2.chemi-pharm.com\/et\/tooted\/","title":{"rendered":"Tooted"},"content":{"rendered":"\n<h1 class=\"wp-block-heading advgb-dyn-6a622a08\">CHEMI-PHARM TOOTEVALIK<\/h1>\n\n\n\n<div class=\"wp-block-uagb-image uagb-block-51803fa4 wp-block-uagb-image--layout-default wp-block-uagb-image--effect-static wp-block-uagb-image--align-none\"><figure class=\"wp-block-uagb-image__figure\"><img decoding=\"async\"  sizes=\"auto, (max-width: 480px) 150px\" src=\"https:\/\/www.chemi-pharm.com\/wp-content\/uploads\/2024\/06\/tootekollektsioon-1024x576.jpg\" alt=\"\" width=\"1024\" height=\"576\" title=\"\" loading=\"lazy\"\/><\/figure><\/div>\n\n\n\n<div class=\"wp-block-columns is-layout-flex wp-container-core-columns-is-layout-9d6595d7 wp-block-columns-is-layout-flex\">\n<div class=\"wp-block-column is-layout-flow wp-block-column-is-layout-flow\">\n<div class=\"wp-block-advgb-button alignnone advgb-dyn-db7947ba\"><a class=\"wp-block-advgb-button_link advgbbtn-5ac35cea-c182-4797-9d42-b1b5c58a7b5a\" href=\"https:\/\/www.chemi-pharm.com\/wp-content\/uploads\/2024\/06\/CP_tootekataloog_2024_EST_A5_03.06.2024_trykifail.pdf\" target=\"_blank\" rel=\"noopener noreferrer\"><span>LAE ALLA TOOTEKATALOOG<\/span><\/a><\/div>\n<\/div>\n\n\n\n<div class=\"wp-block-column is-layout-flow wp-block-column-is-layout-flow\">\n<div class=\"wp-block-advgb-button alignnone advgb-dyn-bf9503fe\"><a class=\"wp-block-advgb-button_link advgbbtn-f2f6184b-e39a-407f-bcae-689f8e131bcb\" href=\"https:\/\/pood.chemi-pharm.com\/\" target=\"_blank\" rel=\"noopener noreferrer\"><span>E-POODI<\/span><\/a><\/div>\n<\/div>\n<\/div>\n\n\n\n<h2 class=\"wp-block-heading advgb-dyn-8476beaa\"><strong>AS Chemi-Pharm tootevalikus on enam kui 100 toodet \u2013 pindade, instrumentide ja instrumentaariumi desinfektantidid, k\u00e4te- ja naha antiseptika ning hooldusvahendid, puhastusvahendid, seebid ja eksklusiivkosmeetika.<\/strong><\/h2>\n\n\n\n<p>Chemi-Pharmi desinfektante, antiseptikuid ja hooldusvahendeid kasutab enamik Eesti haiglatest ja hooldekodudest ning suur osa teistest meditsiiniasutustest, kuid hulgaliselt ka muid ettev\u00f5tteid toitlustus-, teenindus- ja t\u00f6\u00f6stusvaldkonnast. Rohkem kui kahek\u00fcmnele ettev\u00f5tte poolt valmistatavale meditsiinilisele tootele on omistatud CE-m\u00e4rk, mis t\u00f5endab toodete k\u00f5rget kvaliteeti ning vastavust k\u00f5ikidele olulistele \u00f5igusnormidele. Chemi-Pharmi desinfektandid ja antiseptikumid on n\u00f5utud ja hinnatud ka mitmel pool mujal maailmas (s.h. EU-riikides, Aasias).<\/p>\n\n\n\n<p>Chemi-Pharmi poolt toodetavate puhastusvahendite hulgast leiab praktiliselt kogu vajaliku puhtuse tagamiseks \u2013 alates n\u00f5udepesuvahenditest, \u00f5huv\u00e4rskendajatest kuni lubjakivi sadestuste eemaldajate, tugevalt m\u00e4\u00e4rdunud pindade puhastusvahendite ja kanalisatsioonitorude avajateni.<\/p>\n\n\n\n<p>Ettev\u00f5tte seebitoodang h\u00f5lmab nii l\u00f5hnatuid ja v\u00e4rvituid vedelseepe (s.h. antibakteriaalseid), mis on sobilikud ka juuste pesemiseks kui ka kergelt l\u00f5hnastatud pehmeid ja nahas\u00f5bralikke vedelseepe kogu keha sagedaseks pesemiseks.<\/p>\n<style class=\"advgb-styles-renderer\">.advgbbtn-5ac35cea-c182-4797-9d42-b1b5c58a7b5a{font-size:18px;color:#fff !important;background-color:#2196f3 !important;margin:0px 0px 0px 0px !important;padding:10px 30px 10px 30px;border-width:1px !important;border-style:none;border-radius:50px !important;}.advgbbtn-5ac35cea-c182-4797-9d42-b1b5c58a7b5a:hover{box-shadow:1px 1px 12px 0px #ccc;opacity:1;transition:all 0.2s ease;}.advgbbtn-5ac35cea-c182-4797-9d42-b1b5c58a7b5a > i {display: none !important;}.advgbbtn-5ac35cea-c182-4797-9d42-b1b5c58a7b5a{font-size:18px;color:#fff !important;background-color:#2196f3 !important;margin:0px 0px 0px 0px !important;padding:10px 30px 10px 30px;border-width:1px !important;border-style:none;border-radius:50px !important;}.advgbbtn-5ac35cea-c182-4797-9d42-b1b5c58a7b5a:hover{box-shadow:1px 1px 12px 0px #ccc;opacity:1;transition:all 0.2s ease;}.advgbbtn-5ac35cea-c182-4797-9d42-b1b5c58a7b5a > i {display: none !important;}.advgbbtn-f2f6184b-e39a-407f-bcae-689f8e131bcb{font-size:18px;color:#fff !important;background-color:#2196f3 !important;margin:0px 0px 0px 0px !important;padding:10px 30px 10px 30px;border-width:1px !important;border-style:none;border-radius:50px !important;}.advgbbtn-f2f6184b-e39a-407f-bcae-689f8e131bcb:hover{box-shadow:1px 1px 12px 0px #ccc;opacity:1;transition:all 0.2s ease;}.advgbbtn-f2f6184b-e39a-407f-bcae-689f8e131bcb > i {display: none !important;}.advgbbtn-f2f6184b-e39a-407f-bcae-689f8e131bcb{font-size:18px;color:#fff !important;background-color:#2196f3 !important;margin:0px 0px 0px 0px !important;padding:10px 30px 10px 30px;border-width:1px !important;border-style:none;border-radius:50px !important;}.advgbbtn-f2f6184b-e39a-407f-bcae-689f8e131bcb:hover{box-shadow:1px 1px 12px 0px #ccc;opacity:1;transition:all 0.2s ease;}.advgbbtn-f2f6184b-e39a-407f-bcae-689f8e131bcb > i {display: none !important;}.advgbbtn-5ac35cea-c182-4797-9d42-b1b5c58a7b5a{font-size:18px;color:#fff !important;background-color:#2196f3 !important;margin:0px 0px 0px 0px !important;padding:10px 30px 10px 30px;border-width:1px !important;border-style:none;border-radius:50px !important;}.advgbbtn-5ac35cea-c182-4797-9d42-b1b5c58a7b5a:hover{box-shadow:1px 1px 12px 0px #ccc;opacity:1;transition:all 0.2s ease;}.advgbbtn-5ac35cea-c182-4797-9d42-b1b5c58a7b5a > i {display: none !important;}.advgbbtn-f2f6184b-e39a-407f-bcae-689f8e131bcb{font-size:18px;color:#fff !important;background-color:#2196f3 !important;margin:0px 0px 0px 0px !important;padding:10px 30px 10px 30px;border-width:1px !important;border-style:none;border-radius:50px !important;}.advgbbtn-f2f6184b-e39a-407f-bcae-689f8e131bcb:hover{box-shadow:1px 1px 12px 0px #ccc;opacity:1;transition:all 0.2s ease;}.advgbbtn-f2f6184b-e39a-407f-bcae-689f8e131bcb > i {display: none !important;}<\/style>","protected":false},"excerpt":{"rendered":"CHEMI-PHARM TOOTEVALIK AS Chemi-Pharm tootevalikus on enam kui 100 toodet \u2013 pindade, instrumentide ja instrumentaariumi desinfektantidid, k\u00e4te- ja naha antiseptika ning hooldusvahendid, puhastusvahendid, seebid ja eksklusiivkosmeetika. Chemi-Pharmi desinfektante, antiseptikuid ja hooldusvahendeid kasutab enamik Eesti haiglatest ja hooldekodudest ning suur osa teistest meditsiiniasutustest, kuid hulgaliselt ka muid ettev\u00f5tteid toitlustus-, teenindus- ja t\u00f6\u00f6stusvaldkonnast. Rohkem kui kahek\u00fcmnele ettev\u00f5tte [&hellip;]","protected":false},"author":1,"featured_media":0,"parent":0,"menu_order":0,"comment_status":"closed","ping_status":"closed","template":"page-templates\/template-products.php","meta":{"_acf_changed":false,"_uag_custom_page_level_css":"","advgb_blocks_editor_width":"","advgb_blocks_columns_visual_guide":"","ngg_post_thumbnail":0,"footnotes":""},"class_list":["post-419","page","type-page","status-publish","hentry"],"acf":[],"yoast_head":"<!-- This site is optimized with the Yoast SEO plugin v27.4 - https:\/\/yoast.com\/product\/yoast-seo-wordpress\/ -->\n<title>Tooted - Desinfektsioonivahendid- Chemi-Pharm<\/title>\n<meta name=\"description\" content=\"Chemi-Pharm tootevalikus on enam kui 100 toodet. Puhastusvahendite hulgast leiab k\u00f5ik vajaliku puhtuse tagamiseks. Uuri l\u00e4hemalt!\" \/>\n<meta name=\"robots\" content=\"index, follow, max-snippet:-1, max-image-preview:large, max-video-preview:-1\" \/>\n<link rel=\"canonical\" href=\"https:\/\/test2.chemi-pharm.com\/et\/tooted\/\" \/>\n<meta property=\"og:locale\" content=\"et_EE\" \/>\n<meta property=\"og:type\" content=\"article\" \/>\n<meta property=\"og:title\" content=\"Tooted - Desinfektsioonivahendid- Chemi-Pharm\" \/>\n<meta property=\"og:description\" content=\"Chemi-Pharm tootevalikus on enam kui 100 toodet. Puhastusvahendite hulgast leiab k\u00f5ik vajaliku puhtuse tagamiseks. Uuri l\u00e4hemalt!\" \/>\n<meta property=\"og:url\" content=\"https:\/\/test2.chemi-pharm.com\/et\/tooted\/\" \/>\n<meta property=\"og:site_name\" content=\"Chemi-Pharm\" \/>\n<meta property=\"article:publisher\" content=\"https:\/\/www.facebook.com\/chemipharmeesti\" \/>\n<meta property=\"article:modified_time\" content=\"2025-04-28T07:32:53+00:00\" \/>\n<meta property=\"og:image\" content=\"https:\/\/www.chemi-pharm.com\/wp-content\/uploads\/2024\/06\/tootekollektsioon-1024x576.jpg\" \/>\n<meta name=\"twitter:card\" content=\"summary_large_image\" \/>\n<script type=\"application\/ld+json\" class=\"yoast-schema-graph\">{\"@context\":\"https:\\\/\\\/schema.org\",\"@graph\":[{\"@type\":\"WebPage\",\"@id\":\"https:\\\/\\\/test2.chemi-pharm.com\\\/et\\\/tooted\\\/\",\"url\":\"https:\\\/\\\/test2.chemi-pharm.com\\\/et\\\/tooted\\\/\",\"name\":\"Tooted - Desinfektsioonivahendid- Chemi-Pharm\",\"isPartOf\":{\"@id\":\"https:\\\/\\\/test2.chemi-pharm.com\\\/et\\\/#website\"},\"primaryImageOfPage\":{\"@id\":\"https:\\\/\\\/test2.chemi-pharm.com\\\/et\\\/tooted\\\/#primaryimage\"},\"image\":{\"@id\":\"https:\\\/\\\/test2.chemi-pharm.com\\\/et\\\/tooted\\\/#primaryimage\"},\"thumbnailUrl\":\"https:\\\/\\\/www.chemi-pharm.com\\\/wp-content\\\/uploads\\\/2024\\\/06\\\/tootekollektsioon-1024x576.jpg\",\"datePublished\":\"2021-03-23T11:42:32+00:00\",\"dateModified\":\"2025-04-28T07:32:53+00:00\",\"description\":\"Chemi-Pharm tootevalikus on enam kui 100 toodet. Puhastusvahendite hulgast leiab k\u00f5ik vajaliku puhtuse tagamiseks. Uuri l\u00e4hemalt!\",\"breadcrumb\":{\"@id\":\"https:\\\/\\\/test2.chemi-pharm.com\\\/et\\\/tooted\\\/#breadcrumb\"},\"inLanguage\":\"et\",\"potentialAction\":[{\"@type\":\"ReadAction\",\"target\":[\"https:\\\/\\\/test2.chemi-pharm.com\\\/et\\\/tooted\\\/\"]}]},{\"@type\":\"ImageObject\",\"inLanguage\":\"et\",\"@id\":\"https:\\\/\\\/test2.chemi-pharm.com\\\/et\\\/tooted\\\/#primaryimage\",\"url\":\"https:\\\/\\\/www.chemi-pharm.com\\\/wp-content\\\/uploads\\\/2024\\\/06\\\/tootekollektsioon-1024x576.jpg\",\"contentUrl\":\"https:\\\/\\\/www.chemi-pharm.com\\\/wp-content\\\/uploads\\\/2024\\\/06\\\/tootekollektsioon-1024x576.jpg\"},{\"@type\":\"BreadcrumbList\",\"@id\":\"https:\\\/\\\/test2.chemi-pharm.com\\\/et\\\/tooted\\\/#breadcrumb\",\"itemListElement\":[{\"@type\":\"ListItem\",\"position\":1,\"name\":\"Home\",\"item\":\"https:\\\/\\\/test2.chemi-pharm.com\\\/et\\\/\"},{\"@type\":\"ListItem\",\"position\":2,\"name\":\"Tooted\"}]},{\"@type\":\"WebSite\",\"@id\":\"https:\\\/\\\/test2.chemi-pharm.com\\\/et\\\/#website\",\"url\":\"https:\\\/\\\/test2.chemi-pharm.com\\\/et\\\/\",\"name\":\"Chemi-Pharm\",\"description\":\"Chemi-Pharm&#039;i professionaalsed ja k\u00f5rge kvaliteediga desinfektsiooni- ja puhastusvahendid otse tootjalt\",\"publisher\":{\"@id\":\"https:\\\/\\\/test2.chemi-pharm.com\\\/et\\\/#organization\"},\"potentialAction\":[{\"@type\":\"SearchAction\",\"target\":{\"@type\":\"EntryPoint\",\"urlTemplate\":\"https:\\\/\\\/test2.chemi-pharm.com\\\/et\\\/?s={search_term_string}\"},\"query-input\":{\"@type\":\"PropertyValueSpecification\",\"valueRequired\":true,\"valueName\":\"search_term_string\"}}],\"inLanguage\":\"et\"},{\"@type\":\"Organization\",\"@id\":\"https:\\\/\\\/test2.chemi-pharm.com\\\/et\\\/#organization\",\"name\":\"Chemi-Pharm\",\"url\":\"https:\\\/\\\/test2.chemi-pharm.com\\\/et\\\/\",\"logo\":{\"@type\":\"ImageObject\",\"inLanguage\":\"et\",\"@id\":\"https:\\\/\\\/test2.chemi-pharm.com\\\/et\\\/#\\\/schema\\\/logo\\\/image\\\/\",\"url\":\"https:\\\/\\\/www.chemi-pharm.com\\\/wp-content\\\/uploads\\\/2021\\\/03\\\/Group-17-1.svg\",\"contentUrl\":\"https:\\\/\\\/www.chemi-pharm.com\\\/wp-content\\\/uploads\\\/2021\\\/03\\\/Group-17-1.svg\",\"width\":282,\"height\":27,\"caption\":\"Chemi-Pharm\"},\"image\":{\"@id\":\"https:\\\/\\\/test2.chemi-pharm.com\\\/et\\\/#\\\/schema\\\/logo\\\/image\\\/\"},\"sameAs\":[\"https:\\\/\\\/www.facebook.com\\\/chemipharmeesti\"]}]}<\/script>\n<!-- \/ Yoast SEO plugin. -->","yoast_head_json":{"title":"Tooted - Desinfektsioonivahendid- Chemi-Pharm","description":"Chemi-Pharm tootevalikus on enam kui 100 toodet. Puhastusvahendite hulgast leiab k\u00f5ik vajaliku puhtuse tagamiseks. Uuri l\u00e4hemalt!","robots":{"index":"index","follow":"follow","max-snippet":"max-snippet:-1","max-image-preview":"max-image-preview:large","max-video-preview":"max-video-preview:-1"},"canonical":"https:\/\/test2.chemi-pharm.com\/et\/tooted\/","og_locale":"et_EE","og_type":"article","og_title":"Tooted - Desinfektsioonivahendid- Chemi-Pharm","og_description":"Chemi-Pharm tootevalikus on enam kui 100 toodet. Puhastusvahendite hulgast leiab k\u00f5ik vajaliku puhtuse tagamiseks. Uuri l\u00e4hemalt!","og_url":"https:\/\/test2.chemi-pharm.com\/et\/tooted\/","og_site_name":"Chemi-Pharm","article_publisher":"https:\/\/www.facebook.com\/chemipharmeesti","article_modified_time":"2025-04-28T07:32:53+00:00","og_image":[{"url":"https:\/\/www.chemi-pharm.com\/wp-content\/uploads\/2024\/06\/tootekollektsioon-1024x576.jpg","type":"","width":"","height":""}],"twitter_card":"summary_large_image","schema":{"@context":"https:\/\/schema.org","@graph":[{"@type":"WebPage","@id":"https:\/\/test2.chemi-pharm.com\/et\/tooted\/","url":"https:\/\/test2.chemi-pharm.com\/et\/tooted\/","name":"Tooted - Desinfektsioonivahendid- Chemi-Pharm","isPartOf":{"@id":"https:\/\/test2.chemi-pharm.com\/et\/#website"},"primaryImageOfPage":{"@id":"https:\/\/test2.chemi-pharm.com\/et\/tooted\/#primaryimage"},"image":{"@id":"https:\/\/test2.chemi-pharm.com\/et\/tooted\/#primaryimage"},"thumbnailUrl":"https:\/\/www.chemi-pharm.com\/wp-content\/uploads\/2024\/06\/tootekollektsioon-1024x576.jpg","datePublished":"2021-03-23T11:42:32+00:00","dateModified":"2025-04-28T07:32:53+00:00","description":"Chemi-Pharm tootevalikus on enam kui 100 toodet. Puhastusvahendite hulgast leiab k\u00f5ik vajaliku puhtuse tagamiseks. Uuri l\u00e4hemalt!","breadcrumb":{"@id":"https:\/\/test2.chemi-pharm.com\/et\/tooted\/#breadcrumb"},"inLanguage":"et","potentialAction":[{"@type":"ReadAction","target":["https:\/\/test2.chemi-pharm.com\/et\/tooted\/"]}]},{"@type":"ImageObject","inLanguage":"et","@id":"https:\/\/test2.chemi-pharm.com\/et\/tooted\/#primaryimage","url":"https:\/\/www.chemi-pharm.com\/wp-content\/uploads\/2024\/06\/tootekollektsioon-1024x576.jpg","contentUrl":"https:\/\/www.chemi-pharm.com\/wp-content\/uploads\/2024\/06\/tootekollektsioon-1024x576.jpg"},{"@type":"BreadcrumbList","@id":"https:\/\/test2.chemi-pharm.com\/et\/tooted\/#breadcrumb","itemListElement":[{"@type":"ListItem","position":1,"name":"Home","item":"https:\/\/test2.chemi-pharm.com\/et\/"},{"@type":"ListItem","position":2,"name":"Tooted"}]},{"@type":"WebSite","@id":"https:\/\/test2.chemi-pharm.com\/et\/#website","url":"https:\/\/test2.chemi-pharm.com\/et\/","name":"Chemi-Pharm","description":"Chemi-Pharm&#039;i professionaalsed ja k\u00f5rge kvaliteediga desinfektsiooni- ja puhastusvahendid otse tootjalt","publisher":{"@id":"https:\/\/test2.chemi-pharm.com\/et\/#organization"},"potentialAction":[{"@type":"SearchAction","target":{"@type":"EntryPoint","urlTemplate":"https:\/\/test2.chemi-pharm.com\/et\/?s={search_term_string}"},"query-input":{"@type":"PropertyValueSpecification","valueRequired":true,"valueName":"search_term_string"}}],"inLanguage":"et"},{"@type":"Organization","@id":"https:\/\/test2.chemi-pharm.com\/et\/#organization","name":"Chemi-Pharm","url":"https:\/\/test2.chemi-pharm.com\/et\/","logo":{"@type":"ImageObject","inLanguage":"et","@id":"https:\/\/test2.chemi-pharm.com\/et\/#\/schema\/logo\/image\/","url":"https:\/\/www.chemi-pharm.com\/wp-content\/uploads\/2021\/03\/Group-17-1.svg","contentUrl":"https:\/\/www.chemi-pharm.com\/wp-content\/uploads\/2021\/03\/Group-17-1.svg","width":282,"height":27,"caption":"Chemi-Pharm"},"image":{"@id":"https:\/\/test2.chemi-pharm.com\/et\/#\/schema\/logo\/image\/"},"sameAs":["https:\/\/www.facebook.com\/chemipharmeesti"]}]}},"uagb_featured_image_src":{"full":false,"thumbnail":false,"medium":false,"medium_large":false,"large":false,"1536x1536":false,"2048x2048":false,"news_thumb":false,"custom_thumb":false},"uagb_author_info":{"display_name":"reaktiiv-ch","author_link":"https:\/\/test2.chemi-pharm.com\/et\/author\/reaktiiv-ch\/"},"uagb_comment_info":0,"uagb_excerpt":"CHEMI-PHARM TOOTEVALIK AS Chemi-Pharm tootevalikus on enam kui 100 toodet \u2013 pindade, instrumentide ja instrumentaariumi desinfektantidid, k\u00e4te- ja naha antiseptika ning hooldusvahendid, puhastusvahendid, seebid ja eksklusiivkosmeetika. Chemi-Pharmi desinfektante, antiseptikuid ja hooldusvahendeid kasutab enamik Eesti haiglatest ja hooldekodudest ning suur osa teistest meditsiiniasutustest, kuid hulgaliselt ka muid ettev\u00f5tteid toitlustus-, teenindus- ja t\u00f6\u00f6stusvaldkonnast. Rohkem kui kahek\u00fcmnele ettev\u00f5tte&hellip;","coauthors":[],"author_meta":{"author_link":"https:\/\/test2.chemi-pharm.com\/et\/author\/reaktiiv-ch\/","display_name":"reaktiiv-ch"},"relative_dates":{"created":"Posted 5 aastat ago","modified":"Updated 12 kuud ago"},"absolute_dates":{"created":"Posted on 23. m\u00e4rts 2021","modified":"Updated on 28. apr. 2025"},"absolute_dates_time":{"created":"Posted on 23. m\u00e4rts 2021 02:42","modified":"Updated on 28. apr. 2025 10:32"},"featured_img_caption":"","featured_img":false,"series_order":"","_links":{"self":[{"href":"https:\/\/test2.chemi-pharm.com\/et\/wp-json\/wp\/v2\/pages\/419","targetHints":{"allow":["GET"]}}],"collection":[{"href":"https:\/\/test2.chemi-pharm.com\/et\/wp-json\/wp\/v2\/pages"}],"about":[{"href":"https:\/\/test2.chemi-pharm.com\/et\/wp-json\/wp\/v2\/types\/page"}],"author":[{"embeddable":true,"href":"https:\/\/test2.chemi-pharm.com\/et\/wp-json\/wp\/v2\/users\/1"}],"replies":[{"embeddable":true,"href":"https:\/\/test2.chemi-pharm.com\/et\/wp-json\/wp\/v2\/comments?post=419"}],"version-history":[{"count":19,"href":"https:\/\/test2.chemi-pharm.com\/et\/wp-json\/wp\/v2\/pages\/419\/revisions"}],"predecessor-version":[{"id":8676,"href":"https:\/\/test2.chemi-pharm.com\/et\/wp-json\/wp\/v2\/pages\/419\/revisions\/8676"}],"wp:attachment":[{"href":"https:\/\/test2.chemi-pharm.com\/et\/wp-json\/wp\/v2\/media?parent=419"}],"curies":[{"name":"wp","href":"https:\/\/api.w.org\/{rel}","templated":true}]}}