{"id":116,"date":"2021-03-19T11:25:15","date_gmt":"2021-03-19T08:25:15","guid":{"rendered":"https:\/\/www.chemi-pharm.com\/?page_id=116"},"modified":"2025-06-11T10:58:40","modified_gmt":"2025-06-11T07:58:40","slug":"edasimuujad","status":"publish","type":"page","link":"https:\/\/test2.chemi-pharm.com\/et\/edasimuujad\/","title":{"rendered":"Edasim\u00fc\u00fcjad"},"content":{"rendered":"    <div id=\"medium-content-block-block_5257d52c01934285d5fc053fc43835ea\" class=\"medium-content-block container\">\n        <div class=\"row\">\n            <div class=\"col-12 medium_content\">\n                <h1 style=\"text-align: center;\">EDASIM\u00dc\u00dcJAD<\/h1>\n<h2 style=\"text-align: center;\">Meie tootevaliku leiate j\u00e4rgmiste edasim\u00fc\u00fcjate juurest:<\/h2>\n            <\/div>\n        <\/div>\n    <\/div>\n\n\n    <div id=\"resellers-block-block_105783693ea8b2d124bc765fc3431274\" class=\"resellers-block\">\n        <div class=\"row flex-wrap align-items-center justify-content-start\">\n                            <div class=\"col\">\n                <a class=\"reseller\" target=\"_blank\" href=\"https:\/\/www.puhastusimport.ee\/\"><img decoding=\"async\" src=\"https:\/\/test2.chemi-pharm.com\/wp-content\/uploads\/2025\/06\/Puhastusimport.svg\" alt=\"\"><\/a>\n            <\/div>\n                            <div class=\"col\">\n                <a class=\"reseller\" target=\"_blank\" href=\"https:\/\/www.euroapteek.ee\/\"><img decoding=\"async\" src=\"https:\/\/test2.chemi-pharm.com\/wp-content\/uploads\/2021\/04\/euroapteek.svg\" alt=\"\"><\/a>\n            <\/div>\n                            <div class=\"col\">\n                <a class=\"reseller\" target=\"_blank\" href=\"https:\/\/www.benu.ee\/\"><img decoding=\"async\" src=\"https:\/\/test2.chemi-pharm.com\/wp-content\/uploads\/2021\/04\/benu.svg\" alt=\"\"><\/a>\n            <\/div>\n                            <div class=\"col\">\n                <a class=\"reseller\" target=\"_blank\" href=\"https:\/\/www.sudameapteek.ee\/\"><img decoding=\"async\" src=\"https:\/\/test2.chemi-pharm.com\/wp-content\/uploads\/2021\/04\/sydameapteek.svg\" alt=\"\"><\/a>\n            <\/div>\n                            <div class=\"col\">\n                <a class=\"reseller\" target=\"_blank\" href=\"https:\/\/tradehouse.ee\/et\/?b=3164\"><img decoding=\"async\" src=\"https:\/\/test2.chemi-pharm.com\/wp-content\/uploads\/2022\/06\/Tradehouse_colors_slogan-200x46.jpg\" alt=\"\"><\/a>\n            <\/div>\n                            <div class=\"col\">\n                <a class=\"reseller\" target=\"_blank\" href=\"https:\/\/www.medical24.ee\/\"><img decoding=\"async\" src=\"https:\/\/test2.chemi-pharm.com\/wp-content\/uploads\/2021\/04\/medical24.svg\" alt=\"\"><\/a>\n            <\/div>\n                            <div class=\"col\">\n                <a class=\"reseller\" target=\"_blank\" href=\"https:\/\/www.byroomaailm.ee\/\"><img decoding=\"async\" src=\"https:\/\/test2.chemi-pharm.com\/wp-content\/uploads\/2021\/04\/byroomaailm.svg\" alt=\"\"><\/a>\n            <\/div>\n                            <div class=\"col\">\n                <a class=\"reseller\" target=\"_blank\" href=\"https:\/\/www.dabdental.ee\/\"><img decoding=\"async\" src=\"https:\/\/test2.chemi-pharm.com\/wp-content\/uploads\/2021\/04\/dab.svg\" alt=\"\"><\/a>\n            <\/div>\n                            <div class=\"col\">\n                <a class=\"reseller\" target=\"_blank\" href=\"https:\/\/medshop.ee\/\"><img decoding=\"async\" src=\"https:\/\/test2.chemi-pharm.com\/wp-content\/uploads\/2021\/04\/medshop.svg\" alt=\"\"><\/a>\n            <\/div>\n                            <div class=\"col\">\n                <a class=\"reseller\" target=\"_blank\" href=\"https:\/\/www.onemed.ee\/\"><img decoding=\"async\" src=\"https:\/\/test2.chemi-pharm.com\/wp-content\/uploads\/2021\/04\/onemed.svg\" alt=\"\"><\/a>\n            <\/div>\n                            <div class=\"col\">\n                <a class=\"reseller\" target=\"_blank\" href=\"http:\/\/www.kintar.ee\/\"><img decoding=\"async\" src=\"https:\/\/test2.chemi-pharm.com\/wp-content\/uploads\/2021\/04\/kintar-200x100.png\" alt=\"\"><\/a>\n            <\/div>\n                            <div class=\"col\">\n                <a class=\"reseller\" target=\"_blank\" href=\"https:\/\/www.prokosmeetika.ee\/et\/product\/manufacturer\/128\"><img decoding=\"async\" src=\"https:\/\/test2.chemi-pharm.com\/wp-content\/uploads\/2021\/04\/prokosmeetika-200x99.png\" alt=\"\"><\/a>\n            <\/div>\n                            <div class=\"col\">\n                <a class=\"reseller\" target=\"_blank\" href=\"http:\/\/www.stockmann.ee\/portal\/ee\/\"><img decoding=\"async\" src=\"https:\/\/test2.chemi-pharm.com\/wp-content\/uploads\/2021\/04\/stockmann.svg\" alt=\"\"><\/a>\n            <\/div>\n                            <div class=\"col\">\n                <a class=\"reseller\" target=\"_blank\" href=\"https:\/\/web.magnum.ee\/\"><img decoding=\"async\" src=\"https:\/\/test2.chemi-pharm.com\/wp-content\/uploads\/2021\/04\/magnum-200x53.png\" alt=\"\"><\/a>\n            <\/div>\n                            <div class=\"col\">\n                <a class=\"reseller\" target=\"_blank\" href=\"http:\/\/www.smartlifesavers.com\"><img decoding=\"async\" src=\"https:\/\/test2.chemi-pharm.com\/wp-content\/uploads\/2022\/10\/sls_logo_large-200x29.jpg\" alt=\"\"><\/a>\n            <\/div>\n                            <div class=\"col\">\n                <a class=\"reseller\" target=\"_blank\" href=\"https:\/\/mereneid.eu\/\"><img decoding=\"async\" src=\"https:\/\/test2.chemi-pharm.com\/wp-content\/uploads\/2021\/04\/mereneid-200x21.png\" alt=\"\"><\/a>\n            <\/div>\n                            <div class=\"col\">\n                <a class=\"reseller\" target=\"_blank\" href=\"https:\/\/corpowear.ee\/\"><img decoding=\"async\" src=\"https:\/\/test2.chemi-pharm.com\/wp-content\/uploads\/2021\/04\/corpowear.svg\" alt=\"\"><\/a>\n            <\/div>\n                            <div class=\"col\">\n                <a class=\"reseller\" target=\"_blank\" href=\"https:\/\/depile.ee\/\"><img decoding=\"async\" src=\"https:\/\/test2.chemi-pharm.com\/wp-content\/uploads\/2021\/04\/depile.png\" alt=\"\"><\/a>\n            <\/div>\n                            <div class=\"col\">\n                <a class=\"reseller\" target=\"_blank\" href=\"https:\/\/dentalmarket.ee\/ee\/\"><img decoding=\"async\" src=\"https:\/\/test2.chemi-pharm.com\/wp-content\/uploads\/2021\/08\/dentalmarket.ee-gmail-200x200.jpg\" alt=\"\"><\/a>\n            <\/div>\n                            <div class=\"col\">\n                <a class=\"reseller\" target=\"_blank\" href=\"https:\/\/sugarmill.eu\/toode\/bioblock-ninasprei-15ml\/\"><img decoding=\"async\" src=\"https:\/\/test2.chemi-pharm.com\/wp-content\/uploads\/2021\/08\/image002-200x95.jpg\" alt=\"\"><\/a>\n            <\/div>\n                            <div class=\"col\">\n                <a class=\"reseller\" target=\"_blank\" href=\"https:\/\/hmk-medical.ee\/\"><img decoding=\"async\" src=\"https:\/\/test2.chemi-pharm.com\/wp-content\/uploads\/2021\/10\/hmk_medical-200x200.png\" alt=\"\"><\/a>\n            <\/div>\n                            <div class=\"col\">\n                <a class=\"reseller\" target=\"_blank\" href=\"\"><img decoding=\"async\" src=\"https:\/\/test2.chemi-pharm.com\/wp-content\/uploads\/2022\/01\/EDMA-200x112.jpg\" alt=\"\"><\/a>\n            <\/div>\n                            <div class=\"col\">\n                <a class=\"reseller\" target=\"_blank\" href=\"https:\/\/teresa.ee\/tootekategooria\/desinfektandid\/\"><img decoding=\"async\" src=\"https:\/\/test2.chemi-pharm.com\/wp-content\/uploads\/2023\/04\/Teresa-logo-horizontal.svg\" alt=\"\"><\/a>\n            <\/div>\n                            <div class=\"col\">\n                <a class=\"reseller\" target=\"_blank\" href=\"https:\/\/www.itak.ee\/tootekategooria\/kaitse-ja-desovahendid\/\"><img decoding=\"async\" src=\"https:\/\/test2.chemi-pharm.com\/wp-content\/uploads\/2023\/05\/ITAK-OU\u0308_logo_500x500-200x75.png\" alt=\"\"><\/a>\n            <\/div>\n                            <div class=\"col\">\n                <a class=\"reseller\" target=\"_blank\" href=\"https:\/\/www.decora.ee\/\"><img decoding=\"async\" src=\"https:\/\/test2.chemi-pharm.com\/wp-content\/uploads\/2024\/02\/Decora-yellow-black-01-200x85.png\" alt=\"\"><\/a>\n            <\/div>\n                            <div class=\"col\">\n                <a class=\"reseller\" target=\"_blank\" href=\"www.terviseabi.ee\"><img decoding=\"async\" src=\"https:\/\/test2.chemi-pharm.com\/wp-content\/uploads\/2024\/10\/TA-logo1-200x200.png\" alt=\"Tervise Abi edasim\u00fc\u00fcja logo Chemi-Pharm puhastus- ja desinfektsioonivahendite pakkuja\"><\/a>\n            <\/div>\n                <\/div>\n    <\/div>\n\n\n    <div id=\"medium-content-block-block_f802733195406b5cc248ec23668fa7be\" class=\"medium-content-block container\">\n        <div class=\"row\">\n            <div class=\"col-12 medium_content\">\n                <h1 style=\"text-align: center;\">KOOLITUSED EDASIM\u00dc\u00dcJATELE JA ILUSPETSIALISTIDELE<\/h1>\n<h2 style=\"text-align: center;\">Biotsiiditootjana korraldab Chemi-Pharm koolitusi toodete kasutamise ning puhtuse tagamise kohta erinevatele t\u00f6\u00f6stustele.<\/h2>\n<p style=\"text-align: center;\">Tutvu koolitustega siin: <a href=\"https:\/\/www.chemi-pharm.com\/et\/koolitused\/\">https:\/\/www.chemi-pharm.com\/et\/koolitused\/&nbsp;<\/a><\/p>\n            <\/div>\n        <\/div>\n    <\/div>\n\n\n\n<div class=\"wp-block-buttons is-content-justification-center is-layout-flex wp-container-core-buttons-is-layout-16018d1d wp-block-buttons-is-layout-flex\">\n<div class=\"wp-block-button\"><a class=\"wp-block-button__link has-text-align-center wp-element-button\" href=\"https:\/\/www.chemi-pharm.com\/et\/koolitused\/\">Tutvu koolitustega<\/a><\/div>\n<\/div>\n\n\n\n<p><\/p>\n","protected":false},"excerpt":{"rendered":"","protected":false},"author":1,"featured_media":0,"parent":0,"menu_order":0,"comment_status":"closed","ping_status":"closed","template":"","meta":{"_acf_changed":false,"_uag_custom_page_level_css":"","advgb_blocks_editor_width":"","advgb_blocks_columns_visual_guide":"","ngg_post_thumbnail":0,"footnotes":""},"class_list":["post-116","page","type-page","status-publish","hentry"],"acf":[],"yoast_head":"<!-- This site is optimized with the Yoast SEO plugin v27.4 - https:\/\/yoast.com\/product\/yoast-seo-wordpress\/ -->\n<title>Edasim\u00fc\u00fcjad - Kauplused - Chemi-Pharm<\/title>\n<meta name=\"description\" content=\"Edasim\u00fc\u00fcjad. Meie tootevaliku leiate enam kui 17 erineva edasim\u00fc\u00fcja k\u00e4est. Nende seas Benu apteek, S\u00fcdame apteek jpt. Uuri l\u00e4hemalt!\" \/>\n<meta name=\"robots\" content=\"index, follow, max-snippet:-1, max-image-preview:large, max-video-preview:-1\" \/>\n<link rel=\"canonical\" href=\"https:\/\/test2.chemi-pharm.com\/et\/edasimuujad\/\" \/>\n<meta property=\"og:locale\" content=\"et_EE\" \/>\n<meta property=\"og:type\" content=\"article\" \/>\n<meta property=\"og:title\" content=\"Edasim\u00fc\u00fcjad - Kauplused - Chemi-Pharm\" \/>\n<meta property=\"og:description\" content=\"Edasim\u00fc\u00fcjad. Meie tootevaliku leiate enam kui 17 erineva edasim\u00fc\u00fcja k\u00e4est. Nende seas Benu apteek, S\u00fcdame apteek jpt. Uuri l\u00e4hemalt!\" \/>\n<meta property=\"og:url\" content=\"https:\/\/test2.chemi-pharm.com\/et\/edasimuujad\/\" \/>\n<meta property=\"og:site_name\" content=\"Chemi-Pharm\" \/>\n<meta property=\"article:publisher\" content=\"https:\/\/www.facebook.com\/chemipharmeesti\" \/>\n<meta property=\"article:modified_time\" content=\"2025-06-11T07:58:40+00:00\" \/>\n<meta property=\"og:image\" content=\"https:\/\/test2.chemi-pharm.com\/wp-content\/uploads\/2021\/03\/Chemipharm_tehas.jpg\" \/>\n\t<meta property=\"og:image:width\" content=\"640\" \/>\n\t<meta property=\"og:image:height\" content=\"310\" \/>\n\t<meta property=\"og:image:type\" content=\"image\/jpeg\" \/>\n<meta name=\"twitter:card\" content=\"summary_large_image\" \/>\n<script type=\"application\/ld+json\" class=\"yoast-schema-graph\">{\"@context\":\"https:\\\/\\\/schema.org\",\"@graph\":[{\"@type\":\"WebPage\",\"@id\":\"https:\\\/\\\/test2.chemi-pharm.com\\\/et\\\/edasimuujad\\\/\",\"url\":\"https:\\\/\\\/test2.chemi-pharm.com\\\/et\\\/edasimuujad\\\/\",\"name\":\"Edasim\u00fc\u00fcjad - Kauplused - Chemi-Pharm\",\"isPartOf\":{\"@id\":\"https:\\\/\\\/test2.chemi-pharm.com\\\/et\\\/#website\"},\"datePublished\":\"2021-03-19T08:25:15+00:00\",\"dateModified\":\"2025-06-11T07:58:40+00:00\",\"description\":\"Edasim\u00fc\u00fcjad. Meie tootevaliku leiate enam kui 17 erineva edasim\u00fc\u00fcja k\u00e4est. Nende seas Benu apteek, S\u00fcdame apteek jpt. Uuri l\u00e4hemalt!\",\"breadcrumb\":{\"@id\":\"https:\\\/\\\/test2.chemi-pharm.com\\\/et\\\/edasimuujad\\\/#breadcrumb\"},\"inLanguage\":\"et\",\"potentialAction\":[{\"@type\":\"ReadAction\",\"target\":[\"https:\\\/\\\/test2.chemi-pharm.com\\\/et\\\/edasimuujad\\\/\"]}]},{\"@type\":\"BreadcrumbList\",\"@id\":\"https:\\\/\\\/test2.chemi-pharm.com\\\/et\\\/edasimuujad\\\/#breadcrumb\",\"itemListElement\":[{\"@type\":\"ListItem\",\"position\":1,\"name\":\"Home\",\"item\":\"https:\\\/\\\/test2.chemi-pharm.com\\\/et\\\/\"},{\"@type\":\"ListItem\",\"position\":2,\"name\":\"Edasim\u00fc\u00fcjad\"}]},{\"@type\":\"WebSite\",\"@id\":\"https:\\\/\\\/test2.chemi-pharm.com\\\/et\\\/#website\",\"url\":\"https:\\\/\\\/test2.chemi-pharm.com\\\/et\\\/\",\"name\":\"Chemi-Pharm\",\"description\":\"Chemi-Pharm&#039;i professionaalsed ja k\u00f5rge kvaliteediga desinfektsiooni- ja puhastusvahendid otse tootjalt\",\"publisher\":{\"@id\":\"https:\\\/\\\/test2.chemi-pharm.com\\\/et\\\/#organization\"},\"potentialAction\":[{\"@type\":\"SearchAction\",\"target\":{\"@type\":\"EntryPoint\",\"urlTemplate\":\"https:\\\/\\\/test2.chemi-pharm.com\\\/et\\\/?s={search_term_string}\"},\"query-input\":{\"@type\":\"PropertyValueSpecification\",\"valueRequired\":true,\"valueName\":\"search_term_string\"}}],\"inLanguage\":\"et\"},{\"@type\":\"Organization\",\"@id\":\"https:\\\/\\\/test2.chemi-pharm.com\\\/et\\\/#organization\",\"name\":\"Chemi-Pharm\",\"url\":\"https:\\\/\\\/test2.chemi-pharm.com\\\/et\\\/\",\"logo\":{\"@type\":\"ImageObject\",\"inLanguage\":\"et\",\"@id\":\"https:\\\/\\\/test2.chemi-pharm.com\\\/et\\\/#\\\/schema\\\/logo\\\/image\\\/\",\"url\":\"https:\\\/\\\/www.chemi-pharm.com\\\/wp-content\\\/uploads\\\/2021\\\/03\\\/Group-17-1.svg\",\"contentUrl\":\"https:\\\/\\\/www.chemi-pharm.com\\\/wp-content\\\/uploads\\\/2021\\\/03\\\/Group-17-1.svg\",\"width\":282,\"height\":27,\"caption\":\"Chemi-Pharm\"},\"image\":{\"@id\":\"https:\\\/\\\/test2.chemi-pharm.com\\\/et\\\/#\\\/schema\\\/logo\\\/image\\\/\"},\"sameAs\":[\"https:\\\/\\\/www.facebook.com\\\/chemipharmeesti\"]}]}<\/script>\n<!-- \/ Yoast SEO plugin. -->","yoast_head_json":{"title":"Edasim\u00fc\u00fcjad - Kauplused - Chemi-Pharm","description":"Edasim\u00fc\u00fcjad. Meie tootevaliku leiate enam kui 17 erineva edasim\u00fc\u00fcja k\u00e4est. Nende seas Benu apteek, S\u00fcdame apteek jpt. Uuri l\u00e4hemalt!","robots":{"index":"index","follow":"follow","max-snippet":"max-snippet:-1","max-image-preview":"max-image-preview:large","max-video-preview":"max-video-preview:-1"},"canonical":"https:\/\/test2.chemi-pharm.com\/et\/edasimuujad\/","og_locale":"et_EE","og_type":"article","og_title":"Edasim\u00fc\u00fcjad - Kauplused - Chemi-Pharm","og_description":"Edasim\u00fc\u00fcjad. Meie tootevaliku leiate enam kui 17 erineva edasim\u00fc\u00fcja k\u00e4est. Nende seas Benu apteek, S\u00fcdame apteek jpt. Uuri l\u00e4hemalt!","og_url":"https:\/\/test2.chemi-pharm.com\/et\/edasimuujad\/","og_site_name":"Chemi-Pharm","article_publisher":"https:\/\/www.facebook.com\/chemipharmeesti","article_modified_time":"2025-06-11T07:58:40+00:00","og_image":[{"width":640,"height":310,"url":"https:\/\/test2.chemi-pharm.com\/wp-content\/uploads\/2021\/03\/Chemipharm_tehas.jpg","type":"image\/jpeg"}],"twitter_card":"summary_large_image","schema":{"@context":"https:\/\/schema.org","@graph":[{"@type":"WebPage","@id":"https:\/\/test2.chemi-pharm.com\/et\/edasimuujad\/","url":"https:\/\/test2.chemi-pharm.com\/et\/edasimuujad\/","name":"Edasim\u00fc\u00fcjad - Kauplused - Chemi-Pharm","isPartOf":{"@id":"https:\/\/test2.chemi-pharm.com\/et\/#website"},"datePublished":"2021-03-19T08:25:15+00:00","dateModified":"2025-06-11T07:58:40+00:00","description":"Edasim\u00fc\u00fcjad. Meie tootevaliku leiate enam kui 17 erineva edasim\u00fc\u00fcja k\u00e4est. Nende seas Benu apteek, S\u00fcdame apteek jpt. Uuri l\u00e4hemalt!","breadcrumb":{"@id":"https:\/\/test2.chemi-pharm.com\/et\/edasimuujad\/#breadcrumb"},"inLanguage":"et","potentialAction":[{"@type":"ReadAction","target":["https:\/\/test2.chemi-pharm.com\/et\/edasimuujad\/"]}]},{"@type":"BreadcrumbList","@id":"https:\/\/test2.chemi-pharm.com\/et\/edasimuujad\/#breadcrumb","itemListElement":[{"@type":"ListItem","position":1,"name":"Home","item":"https:\/\/test2.chemi-pharm.com\/et\/"},{"@type":"ListItem","position":2,"name":"Edasim\u00fc\u00fcjad"}]},{"@type":"WebSite","@id":"https:\/\/test2.chemi-pharm.com\/et\/#website","url":"https:\/\/test2.chemi-pharm.com\/et\/","name":"Chemi-Pharm","description":"Chemi-Pharm&#039;i professionaalsed ja k\u00f5rge kvaliteediga desinfektsiooni- ja puhastusvahendid otse tootjalt","publisher":{"@id":"https:\/\/test2.chemi-pharm.com\/et\/#organization"},"potentialAction":[{"@type":"SearchAction","target":{"@type":"EntryPoint","urlTemplate":"https:\/\/test2.chemi-pharm.com\/et\/?s={search_term_string}"},"query-input":{"@type":"PropertyValueSpecification","valueRequired":true,"valueName":"search_term_string"}}],"inLanguage":"et"},{"@type":"Organization","@id":"https:\/\/test2.chemi-pharm.com\/et\/#organization","name":"Chemi-Pharm","url":"https:\/\/test2.chemi-pharm.com\/et\/","logo":{"@type":"ImageObject","inLanguage":"et","@id":"https:\/\/test2.chemi-pharm.com\/et\/#\/schema\/logo\/image\/","url":"https:\/\/www.chemi-pharm.com\/wp-content\/uploads\/2021\/03\/Group-17-1.svg","contentUrl":"https:\/\/www.chemi-pharm.com\/wp-content\/uploads\/2021\/03\/Group-17-1.svg","width":282,"height":27,"caption":"Chemi-Pharm"},"image":{"@id":"https:\/\/test2.chemi-pharm.com\/et\/#\/schema\/logo\/image\/"},"sameAs":["https:\/\/www.facebook.com\/chemipharmeesti"]}]}},"uagb_featured_image_src":{"full":false,"thumbnail":false,"medium":false,"medium_large":false,"large":false,"1536x1536":false,"2048x2048":false,"news_thumb":false,"custom_thumb":false},"uagb_author_info":{"display_name":"reaktiiv-ch","author_link":"https:\/\/test2.chemi-pharm.com\/et\/author\/reaktiiv-ch\/"},"uagb_comment_info":0,"uagb_excerpt":null,"coauthors":[],"author_meta":{"author_link":"https:\/\/test2.chemi-pharm.com\/et\/author\/reaktiiv-ch\/","display_name":"reaktiiv-ch"},"relative_dates":{"created":"Posted 5 aastat ago","modified":"Updated 10 kuud ago"},"absolute_dates":{"created":"Posted on 19. m\u00e4rts 2021","modified":"Updated on 11. juuni 2025"},"absolute_dates_time":{"created":"Posted on 19. m\u00e4rts 2021 11:25","modified":"Updated on 11. juuni 2025 10:58"},"featured_img_caption":"","featured_img":false,"series_order":"","_links":{"self":[{"href":"https:\/\/test2.chemi-pharm.com\/et\/wp-json\/wp\/v2\/pages\/116","targetHints":{"allow":["GET"]}}],"collection":[{"href":"https:\/\/test2.chemi-pharm.com\/et\/wp-json\/wp\/v2\/pages"}],"about":[{"href":"https:\/\/test2.chemi-pharm.com\/et\/wp-json\/wp\/v2\/types\/page"}],"author":[{"embeddable":true,"href":"https:\/\/test2.chemi-pharm.com\/et\/wp-json\/wp\/v2\/users\/1"}],"replies":[{"embeddable":true,"href":"https:\/\/test2.chemi-pharm.com\/et\/wp-json\/wp\/v2\/comments?post=116"}],"version-history":[{"count":42,"href":"https:\/\/test2.chemi-pharm.com\/et\/wp-json\/wp\/v2\/pages\/116\/revisions"}],"predecessor-version":[{"id":8239,"href":"https:\/\/test2.chemi-pharm.com\/et\/wp-json\/wp\/v2\/pages\/116\/revisions\/8239"}],"wp:attachment":[{"href":"https:\/\/test2.chemi-pharm.com\/et\/wp-json\/wp\/v2\/media?parent=116"}],"curies":[{"name":"wp","href":"https:\/\/api.w.org\/{rel}","templated":true}]}}